{"id":3,"date":"2024-03-29T15:54:40","date_gmt":"2024-03-29T07:54:40","guid":{"rendered":"https:\/\/cngarden.com\/?page_id=3"},"modified":"2026-02-04T21:24:45","modified_gmt":"2026-02-04T13:24:45","slug":"politica-de-privacidade","status":"publish","type":"page","link":"https:\/\/cngarden.com\/pt\/politica-de-privacidade\/","title":{"rendered":"Pol\u00edtica de privacidade"},"content":{"rendered":"<div class=\"shopify-policy__title\" style=\"margin-top: -120px;\">\n<h1 id='privacy-policy'  class=\"ai-optimize-6\">Pol\u00edtica de privacidade<\/h1>\n<\/div>\n<div class=\"shopify-policy__body\">\n<div class=\"rte\">\n<p class=\"p1 ai-optimize-7 ai-optimize-introduction\"><span class=\"s1\">Esta Pol\u00edtica de Privacidade descreve a forma como o site roselent.com (o \u201cSite\u201d ou \u201cn\u00f3s\u201d) recolhe, utiliza e divulga as suas Informa\u00e7\u00f5es Pessoais quando visita ou efectua uma compra no Site.<\/span><\/p>\n<h2 id='contact'  class=\"p2 ai-optimize-8\"><span class=\"s1\"><b>Contacto<\/b><\/span><\/h2>\n<p class=\"p1 ai-optimize-9\"><span class=\"s1\">Depois de analisar esta pol\u00edtica, se tiver outras quest\u00f5es, quiser obter mais informa\u00e7\u00f5es sobre as nossas pr\u00e1ticas de privacidade ou quiser apresentar uma queixa, contacte-nos por correio eletr\u00f3nico para roselentworkshop@gmail.com.<\/span><\/p>\n<h2 id='collecting-personal-information'  class=\"p2 ai-optimize-10\"><span class=\"s1\"><b>Recolha de informa\u00e7\u00f5es pessoais<\/b><\/span><\/h2>\n<p class=\"p1 ai-optimize-11\"><span class=\"s1\">Quando o utilizador visita o S\u00edtio, recolhemos determinadas informa\u00e7\u00f5es sobre o seu dispositivo, a sua intera\u00e7\u00e3o com o S\u00edtio e as informa\u00e7\u00f5es necess\u00e1rias para processar as suas compras. Poderemos tamb\u00e9m recolher informa\u00e7\u00f5es adicionais se nos contactar para obter apoio ao cliente. Nesta Pol\u00edtica de Privacidade, referimo-nos a qualquer informa\u00e7\u00e3o sobre um indiv\u00edduo identific\u00e1vel (incluindo as informa\u00e7\u00f5es abaixo) como \u201cInforma\u00e7\u00f5es Pessoais\u201d. Consulte a lista abaixo para obter mais informa\u00e7\u00f5es sobre as informa\u00e7\u00f5es pessoais que recolhemos e porqu\u00ea.<\/span><\/p>\n<ul class=\"ul1\">\n<li class=\"li3 ai-optimize-12\"><span class=\"s2\">Informa\u00e7\u00f5es sobre o dispositivo<\/span>\n<ul class=\"ul2\">\n<li class=\"li3 ai-optimize-13\"><b><\/b><span class=\"s1\"><b>Objetivo da recolha:<\/b>\u00a0para carregar o Site com precis\u00e3o para o utilizador e para efetuar an\u00e1lises sobre a utiliza\u00e7\u00e3o do Site para otimizar o nosso Site.<\/span><\/li>\n<li class=\"li3 ai-optimize-14\"><b><\/b><span class=\"s1\"><b>Fonte de recolha:<\/b>\u00a0quando acede ao nosso S\u00edtio utilizando cookies, ficheiros de registo, web beacons, tags ou pixels.<\/span><\/li>\n<li class=\"li3 ai-optimize-15\"><b><\/b><span class=\"s1\"><b>Divulga\u00e7\u00e3o para fins comerciais:<\/b>\u00a0partilhada com o nosso processador Shopify.<\/span><\/li>\n<li class=\"li3 ai-optimize-16\"><b><\/b><span class=\"s1\"><b>Informa\u00e7\u00f5es pessoais recolhidas:<\/b>\u00a0vers\u00e3o do browser, endere\u00e7o IP, fuso hor\u00e1rio, informa\u00e7\u00f5es sobre cookies, que sites ou produtos visualiza, termos de pesquisa e como interage com o Site.<\/span><\/li>\n<\/ul>\n<\/li>\n<li class=\"li3 ai-optimize-17\"><span class=\"s2\">Informa\u00e7\u00f5es sobre a encomenda<\/span>\n<ul class=\"ul2\">\n<li class=\"li3 ai-optimize-18\"><b><\/b><span class=\"s1\"><b>Objetivo da recolha:<\/b>\u00a0fornecer-lhe produtos ou servi\u00e7os para cumprir o nosso contrato, processar as suas informa\u00e7\u00f5es de pagamento, organizar o envio e fornecer-lhe facturas e\/ou confirma\u00e7\u00f5es de encomendas, comunicar consigo, analisar as nossas encomendas para detetar potenciais riscos ou fraudes e, quando estiver de acordo com as prefer\u00eancias que partilhou connosco, fornecer-lhe informa\u00e7\u00f5es ou publicidade relacionadas com os nossos produtos ou servi\u00e7os.<\/span><\/li>\n<li class=\"li3 ai-optimize-19\"><b><\/b><span class=\"s1\"><b>Fonte de recolha:<\/b>\u00a0recolhidas junto do utilizador.<\/span><\/li>\n<li class=\"li3 ai-optimize-20\"><b><\/b><span class=\"s1\"><b>Divulga\u00e7\u00e3o para fins comerciais:<\/b>\u00a0partilhada com o nosso processador Shopify.<\/span><\/li>\n<li class=\"li3 ai-optimize-21\"><b><\/b><span class=\"s1\"><b>Informa\u00e7\u00f5es pessoais recolhidas:<\/b>\u00a0nome, endere\u00e7o de fatura\u00e7\u00e3o, endere\u00e7o de envio, informa\u00e7\u00f5es de pagamento (incluindo n\u00fameros de cart\u00e3o de cr\u00e9dito), endere\u00e7o de correio eletr\u00f3nico e n\u00famero de telefone.<\/span><\/li>\n<\/ul>\n<\/li>\n<li class=\"li3 ai-optimize-22\"><span class=\"s2\">Informa\u00e7\u00f5es de apoio ao cliente<\/span>\n<ul class=\"ul2\">\n<li class=\"li3 ai-optimize-23\"><b><\/b><span class=\"s1\"><b>Objetivo da recolha:<\/b>\u00a0para prestar apoio ao cliente.<\/span><\/li>\n<li class=\"li3 ai-optimize-24\"><b><\/b><span class=\"s1\"><b>Fonte de recolha:<\/b>\u00a0recolhidas junto do utilizador.<\/span><\/li>\n<li class=\"li3 ai-optimize-25\"><b><\/b><span class=\"s1\"><b>Divulga\u00e7\u00e3o para fins comerciais:\u00a0<\/b>nenhum.<\/span><\/li>\n<li class=\"li3 ai-optimize-26\"><b><\/b><span class=\"s1\"><b>Informa\u00e7\u00f5es pessoais recolhidas:\u00a0<\/b>nome, endere\u00e7o de correio eletr\u00f3nico e outras informa\u00e7\u00f5es pessoais que partilhe connosco.<\/span><\/li>\n<\/ul>\n<\/li>\n<\/ul>\n<h2 id='sharing-personal-information'  class=\"p2 ai-optimize-27\"><span class=\"s1\"><b>Partilhar informa\u00e7\u00f5es pessoais<\/b><\/span><\/h2>\n<p class=\"p1 ai-optimize-28\"><span class=\"s1\">Partilhamos as suas Informa\u00e7\u00f5es Pessoais com fornecedores de servi\u00e7os para nos ajudar a fornecer os nossos servi\u00e7os e cumprir os nossos contratos consigo, conforme descrito acima. Por exemplo:<\/span><\/p>\n<ul class=\"ul1\">\n<li class=\"li3 ai-optimize-29\"><span class=\"s1\">Podemos partilhar as suas Informa\u00e7\u00f5es Pessoais para cumprir as leis e regulamentos aplic\u00e1veis, para responder a uma intima\u00e7\u00e3o, mandado de busca ou outros pedidos legais de informa\u00e7\u00f5es que recebemos, ou para proteger os nossos direitos.<\/span><\/li>\n<\/ul>\n<h2 id='using-personal-information'  class=\"p2 ai-optimize-30\"><span class=\"s1\"><b>Utiliza\u00e7\u00e3o de informa\u00e7\u00f5es pessoais<\/b><\/span><\/h2>\n<p class=\"p1 ai-optimize-31\"><span class=\"s1\">Utilizamos as suas informa\u00e7\u00f5es pessoais para lhe prestar os nossos servi\u00e7os, o que inclui: oferecer produtos para venda, processar pagamentos, enviar e satisfazer a sua encomenda e mant\u00ea-lo atualizado sobre novos produtos, servi\u00e7os e ofertas.<\/span><\/p>\n<h3 id='lawful-basis'  class=\"p6 ai-optimize-32\"><span class=\"s1\"><b>Base jur\u00eddica<\/b><\/span><\/h3>\n<p class=\"p1 ai-optimize-33\"><span class=\"s1\">De acordo com o Regulamento Geral de Prote\u00e7\u00e3o de Dados (\u201cRGPD\u201d), se for residente no Espa\u00e7o Econ\u00f3mico Europeu (\u201cEEE\u201d), processamos as suas informa\u00e7\u00f5es pessoais ao abrigo das seguintes bases legais:<\/span><\/p>\n<ul class=\"ul1\">\n<li class=\"li3 ai-optimize-34\"><span class=\"s1\">O seu consentimento;<\/span><\/li>\n<li class=\"li3 ai-optimize-35\"><span class=\"s1\">A execu\u00e7\u00e3o do contrato entre o utilizador e o S\u00edtio;<\/span><\/li>\n<li class=\"li3 ai-optimize-36\"><span class=\"s1\">Cumprimento das nossas obriga\u00e7\u00f5es legais;<\/span><\/li>\n<li class=\"li3 ai-optimize-37\"><span class=\"s1\">Para proteger os seus interesses vitais;<\/span><\/li>\n<li class=\"li3 ai-optimize-38\"><span class=\"s1\">Para executar uma tarefa de interesse p\u00fablico;<\/span><\/li>\n<li class=\"li3 ai-optimize-39\"><span class=\"s1\">Para os nossos interesses leg\u00edtimos, que n\u00e3o se sobrep\u00f5em aos direitos e liberdades fundamentais do utilizador.<\/span><\/li>\n<\/ul>\n<h3 id='retention'  class=\"p6 ai-optimize-40\"><span class=\"s1\"><b>Reten\u00e7\u00e3o<\/b><\/span><\/h3>\n<p class=\"p1 ai-optimize-41\"><span class=\"s1\">Quando efetuar uma encomenda atrav\u00e9s do S\u00edtio, conservaremos as suas Informa\u00e7\u00f5es Pessoais para os nossos registos, a menos que e at\u00e9 que nos pe\u00e7a para apagar essas informa\u00e7\u00f5es. Para mais informa\u00e7\u00f5es sobre o seu direito de apagamento, consulte a sec\u00e7\u00e3o \u2018Os seus direitos\u2019 abaixo.<\/span><\/p>\n<h3 id='automatic-decision-making'  class=\"p6 ai-optimize-42\"><span class=\"s1\"><b>Tomada de decis\u00f5es autom\u00e1tica<\/b><\/span><\/h3>\n<p class=\"p1 ai-optimize-43\"><span class=\"s1\">Se for residente no EEE, tem o direito de se opor ao processamento baseado exclusivamente em decis\u00f5es automatizadas (o que inclui a defini\u00e7\u00e3o de perfis), quando essas decis\u00f5es tiverem um efeito legal sobre si ou o afectarem significativamente.<\/span><\/p>\n<p class=\"p1 ai-optimize-44\"><span class=\"s1\">N\u00e3o<i>\u00a0<\/i>tomar decis\u00f5es totalmente automatizadas que tenham um efeito legal ou de outra forma significativo utilizando os dados dos clientes.<\/span><\/p>\n<p class=\"p1 ai-optimize-45\"><span class=\"s1\">O nosso processador Shopify utiliza a tomada de decis\u00f5es automatizada limitada para evitar fraudes que n\u00e3o tenham um efeito legal ou de outra forma significativo sobre o utilizador.<\/span><\/p>\n<p class=\"p1 ai-optimize-46\"><span class=\"s1\">Os servi\u00e7os que incluem elementos de decis\u00e3o automatizada incluem:<\/span><\/p>\n<ul class=\"ul1\">\n<li class=\"li3 ai-optimize-47\"><span class=\"s1\">Lista negra tempor\u00e1ria de endere\u00e7os IP associados a transac\u00e7\u00f5es falhadas repetidas. Esta lista negra persiste durante um pequeno n\u00famero de horas.<\/span><\/li>\n<li class=\"li3 ai-optimize-48\"><span class=\"s1\">Lista negra tempor\u00e1ria de cart\u00f5es de cr\u00e9dito associados a endere\u00e7os IP colocados na lista negra. Esta lista negra mant\u00e9m-se durante um pequeno n\u00famero de dias.<\/span><\/li>\n<\/ul>\n<h2 id='your-rights'  class=\"p2 ai-optimize-49\"><span class=\"s1\"><b>Os seus direitos<\/b><\/span><\/h2>\n<h3 id='gdpr'  class=\"p6 ai-optimize-50\"><span class=\"s1\"><b>RGPD<\/b><\/span><\/h3>\n<p class=\"p1 ai-optimize-51\"><span class=\"s1\">Se for um residente do EEE, tem o direito de aceder \u00e0s Informa\u00e7\u00f5es Pessoais que temos sobre si, de as transferir para um novo servi\u00e7o e de pedir que as suas Informa\u00e7\u00f5es Pessoais sejam corrigidas, actualizadas ou apagadas. Se pretender exercer estes direitos, contacte-nos atrav\u00e9s das informa\u00e7\u00f5es de contacto acima.\u00a0<\/span><\/p>\n<p class=\"p1 ai-optimize-52\"><span class=\"s1\">Seus Dados Pessoais ser\u00e3o inicialmente processados na China e depois ser\u00e3o transferidos para fora da China. Para mais informa\u00e7\u00f5es sobre como as transfer\u00eancias de dados est\u00e3o em conformidade com o GDPR, consulte o whitepaper sobre o GDPR da Shopify: <a href=\"https:\/\/help.shopify.com\/en\/manual\/your-account\/privacy\/GDPR\" rel=\"nofollow noopener\" target=\"_blank\"><span class=\"s3\">https:\/\/help.shopify.com\/en\/manual\/your-account\/privacy\/GDPR<\/span><\/a>.<\/span><\/p>\n<h3 id='ccpa'  class=\"p6 ai-optimize-53\"><span class=\"s1\"><b>CCPA<\/b><\/span><\/h3>\n<p class=\"p1 ai-optimize-54\"><span class=\"s1\">Se for residente na Calif\u00f3rnia, tem o direito de aceder \u00e0s Informa\u00e7\u00f5es Pessoais que temos sobre si (tamb\u00e9m conhecido como o \u2018Direito de Saber\u2019), de as transferir para um novo servi\u00e7o e de pedir que as suas Informa\u00e7\u00f5es Pessoais sejam corrigidas, actualizadas ou apagadas. Se pretender exercer estes direitos, contacte-nos atrav\u00e9s das informa\u00e7\u00f5es de contacto acima.\u00a0<\/span><\/p>\n<p class=\"p1 ai-optimize-55\"><span class=\"s1\">Se pretender designar um agente autorizado para apresentar estes pedidos em seu nome, contacte-nos atrav\u00e9s das informa\u00e7\u00f5es de contacto acima.<\/span><\/p>\n<h2 id='cookies'  class=\"p2 ai-optimize-56\"><span class=\"s1\"><b>Biscoitos<\/b><\/span><\/h2>\n<p class=\"p1 ai-optimize-57\"><span class=\"s1\">Um cookie \u00e9 uma pequena quantidade de informa\u00e7\u00e3o que \u00e9 descarregada para o seu computador ou dispositivo quando visita o nosso S\u00edtio. Utilizamos uma s\u00e9rie de cookies diferentes, incluindo cookies funcionais, de desempenho, de publicidade e de redes sociais ou de conte\u00fado. Os cookies melhoram a sua experi\u00eancia de navega\u00e7\u00e3o, permitindo que o s\u00edtio Web se lembre das suas ac\u00e7\u00f5es e prefer\u00eancias (como o in\u00edcio de sess\u00e3o e a sele\u00e7\u00e3o da regi\u00e3o). Isto significa que o utilizador n\u00e3o tem de voltar a introduzir estas informa\u00e7\u00f5es sempre que regressa ao s\u00edtio ou navega de uma p\u00e1gina para outra. Os cookies tamb\u00e9m fornecem informa\u00e7\u00f5es sobre a forma como as pessoas utilizam o s\u00edtio Web, por exemplo, se \u00e9 a primeira vez que o visitam ou se s\u00e3o visitantes frequentes.<\/span><\/p>\n<p class=\"p1 ai-optimize-58\"><span class=\"s1\">O utilizador pode controlar e gerir os cookies de v\u00e1rias formas. Tenha em conta que a remo\u00e7\u00e3o ou o bloqueio de cookies pode ter um impacto negativo na sua experi\u00eancia de utilizador e que partes do nosso s\u00edtio Web podem deixar de estar totalmente acess\u00edveis.<\/span><\/p>\n<p class=\"p1 ai-optimize-59\"><span class=\"s1\">A maioria dos browsers aceita automaticamente os cookies, mas o utilizador pode optar por aceitar ou n\u00e3o os cookies atrav\u00e9s dos controlos do seu browser, frequentemente encontrados no menu \u201cFerramentas\u201d ou \u201cPrefer\u00eancias\u201d do seu browser. Para mais informa\u00e7\u00f5es sobre como modificar as defini\u00e7\u00f5es do seu browser ou como bloquear, gerir ou filtrar cookies, pode consultar o ficheiro de ajuda do seu browser ou sites como:\u00a0<a href=\"https:\/\/www.allaboutcookies.org\/\" rel=\"nofollow noopener\" target=\"_blank\"><span class=\"s3\">www.allaboutcookies.org<\/span><\/a>.<\/span><\/p>\n<h3 id='do-not-track'  class=\"p6 ai-optimize-60\"><span class=\"s1\"><b>N\u00e3o rastrear<\/b><\/span><\/h3>\n<p class=\"p1 ai-optimize-61\"><span class=\"s1\">Tenha em aten\u00e7\u00e3o que, uma vez que n\u00e3o existe um entendimento consistente no sector sobre a forma de responder a sinais de \u201cN\u00e3o seguir\u201d, n\u00e3o alteramos as nossas pr\u00e1ticas de recolha e utiliza\u00e7\u00e3o de dados quando detectamos um sinal deste tipo no seu browser.<\/span><\/p>\n<h2 id='changes'  class=\"p2 ai-optimize-62\"><span class=\"s1\"><b>Altera\u00e7\u00f5es<\/b><\/span><\/h2>\n<p class=\"p1 ai-optimize-63\"><span class=\"s1\">Podemos atualizar esta Pol\u00edtica de Privacidade periodicamente para refletir, por exemplo, altera\u00e7\u00f5es \u00e0s nossas pr\u00e1ticas ou por outras raz\u00f5es operacionais, legais ou regulamentares.<\/span><\/p>\n<h2 id='complaints'  class=\"p2 ai-optimize-64\"><span class=\"s1\"><b>Queixas<\/b><\/span><\/h2>\n<p class=\"p1 ai-optimize-65\"><span class=\"s1\">Tal como referido anteriormente, se desejar apresentar uma queixa, contacte-nos por correio eletr\u00f3nico utilizando os dados fornecidos em \u201cContacto\u201d acima.<\/span><\/p>\n<p class=\"p1 ai-optimize-66\"><span class=\"s1\">Se n\u00e3o ficar satisfeito com a nossa resposta \u00e0 sua reclama\u00e7\u00e3o, tem o direito de apresentar a sua reclama\u00e7\u00e3o junto da autoridade competente em mat\u00e9ria de prote\u00e7\u00e3o de dados.<\/span><\/p>\n<p class=\"p1\">\n<\/div>\n<\/div>","protected":false},"excerpt":{"rendered":"<p>Privacy policy This Privacy Policy describes how roselent.com (the \u201cSite\u201d or \u201cwe\u201d) collects, uses, and discloses your Personal Information when<\/p>","protected":false},"author":1,"featured_media":0,"parent":0,"menu_order":0,"comment_status":"closed","ping_status":"open","template":"","meta":{"_uf_show_specific_survey":0,"_uf_disable_surveys":false,"footnotes":""},"class_list":["post-3","page","type-page","status-publish","hentry"],"jetpack_sharing_enabled":true,"_links":{"self":[{"href":"https:\/\/cngarden.com\/pt\/wp-json\/wp\/v2\/pages\/3","targetHints":{"allow":["GET"]}}],"collection":[{"href":"https:\/\/cngarden.com\/pt\/wp-json\/wp\/v2\/pages"}],"about":[{"href":"https:\/\/cngarden.com\/pt\/wp-json\/wp\/v2\/types\/page"}],"author":[{"embeddable":true,"href":"https:\/\/cngarden.com\/pt\/wp-json\/wp\/v2\/users\/1"}],"replies":[{"embeddable":true,"href":"https:\/\/cngarden.com\/pt\/wp-json\/wp\/v2\/comments?post=3"}],"version-history":[{"count":5,"href":"https:\/\/cngarden.com\/pt\/wp-json\/wp\/v2\/pages\/3\/revisions"}],"predecessor-version":[{"id":16032,"href":"https:\/\/cngarden.com\/pt\/wp-json\/wp\/v2\/pages\/3\/revisions\/16032"}],"wp:attachment":[{"href":"https:\/\/cngarden.com\/pt\/wp-json\/wp\/v2\/media?parent=3"}],"curies":[{"name":"wp","href":"https:\/\/api.w.org\/{rel}","templated":true}]}}