{"id":6105,"date":"2024-09-29T19:10:38","date_gmt":"2024-09-29T11:10:38","guid":{"rendered":"https:\/\/cngarden.com\/?post_type=product&#038;p=6105"},"modified":"2026-04-17T16:04:14","modified_gmt":"2026-04-17T08:04:14","slug":"echeveria-shrimp-dumpling","status":"publish","type":"product","link":"https:\/\/cngarden.com\/es\/producto\/echeveria-shrimp-dumpling\/","title":{"rendered":"Echeveria \u2018Shrimp Dumpling\u2019|suculentas de arcilla"},"content":{"rendered":"<p>Clay succulents are adaptable and come in a variety of styles to suit a variety of situations, and with a little creativity, they can easily add color to your space.<\/p>\n<p>Brighten up your living space with this durable piece of greenery. It is not only more vivid than dried flowers and more durable than fresh flowers, but also full of the perfect fusion of art and nature, making life easier and better because of it.<\/p>\n<p>&nbsp;<\/p>\n<h2 id='scenes-where-clay-succulents-are-suitable'  style=\"text-align: center\">ESCENAS EN LAS QUE SON ADECUADAS LAS SUCULENTAS DE ARCILLA<\/h2>\n<p>&nbsp;<\/p>\n<p>Las suculentas de arcilla son extremadamente vers\u00e1tiles y hermosas, perfectas para una gran variedad de ocasiones. Aqu\u00ed tienes algunos escenarios para colocar suculentas y dar un toque natural a tu espacio:<\/p>\n<h3 id='home-decoration'>Decoraci\u00f3n del hogar<\/h3>\n<p>1. Living room:<br \/>\n&#8211; Place it on a coffee table, bookshelf or TV cabinet to add a natural touch to your home environment.<br \/>\n&#8211; Use larger succulents as centerpieces to create a modern and fresh vibe.<\/p>\n<p>2. Bedroom:<br \/>\n&#8211; Place small succulents on your bedside table or windowsill to bring a touch of peace and relaxation.<br \/>\n&#8211; Choose easy-care varieties to create a warm, stress-free environment.<\/p>\n<p>3. Kitchen:<br \/>\n&#8211; Place succulents on countertops or shelves to add a touch of greenery to the kitchen.<br \/>\n&#8211; You can create a mini botanical garden near the sink or on the windowsill, which is very unique.<\/p>\n<h3 id='work-and-study-space'>Espacio de trabajo y estudio<\/h3>\n<p>&#8211; Place a succulent on your desk to create a fresh, productive environment.<br \/>\n&#8211; Use compact combinations to save space and enhance decorative effects.<\/p>\n<h3 id='special-occasions-and-events'>Ocasiones especiales y eventos<\/h3>\n<p>&#8211; Weddings: Succulents are often used as table centerpieces, wedding favors or bouquet elements.<br \/>\n&#8211; Parties: Use succulents as table decorations to add an elegant and eco-friendly touch to your event.<\/p>\n<h3 id='public-and-professional-spaces'>Espacios p\u00fablicos y profesionales<\/h3>\n<p>1. Office reception area:<br \/>\n&#8211; Succulent plant ornaments can add life and warmth to the reception area.<br \/>\n&#8211; Create a comfortable environment for customers and visitors.<\/p>\n<p>2. Retail stores and cafes:<br \/>\n&#8211; Can be used to decorate counters, table tops or window displays.<br \/>\n&#8211; Their low maintenance nature is ideal for busy premises.<\/p>\n<p>3. Hotel:<br \/>\n&#8211; Succulents are an ideal decoration for the hall, guest room or outdoor terrace.<\/p>\n<h3 id='gift-and-commemorative-displays'>Expositores de regalos y conmemorativos<\/h3>\n<p>- Las suculentas pueden colocarse en mesas conmemorativas o como regalos para cumplea\u00f1os, aniversarios, fiestas de inauguraci\u00f3n y otras ocasiones.<\/p>\n<p>&nbsp;<\/p>\n<p>&nbsp;<\/p>\n<h4 id='light-up-interior-spaces-with-handmade-art'><strong>Ilumine los espacios interiores con arte hecho a mano<\/strong><\/h4>\n<p>Descubra nuestra nueva l\u00ednea de suculentas de arcilla, que combinan a la perfecci\u00f3n creatividad y artesan\u00eda. Cuidadosamente dise\u00f1adas para las personas que aman la belleza de la naturaleza pero quieren evitar las molestias del mantenimiento, cada pieza est\u00e1 hecha a mano y llena de encanto y personalidad \u00fanicos. Tanto si quieres a\u00f1adir un toque verde a tu hogar como si quieres hacer un regalo original, esta colecci\u00f3n te impresionar\u00e1.<\/p>\n<h4 id='craftsmanship'><strong>Artesan\u00eda<\/strong><\/h4>\n<p>Cada adorno suculento est\u00e1 tallado en arcilla de resina respetuosa con el medio ambiente y coloreada con pinturas al \u00f3leo para crear un efecto de color brillante y duradero. A diferencia de las flores que se marchitan o las flores secas que se marchitan, estas suculentas artificiales son duraderas y siempre muestran su belleza natural, lo que las convierte en un complemento ideal para cualquier espacio.<\/p>\n<h4 id='a-thoughtful-choice-for-gift-giving'><strong>Una buena elecci\u00f3n para regalar<\/strong><\/h4>\n<p>\u00bfBusca un regalo \u00fanico? Estos adornos art\u00edsticos con suculentas son el regalo perfecto para profesores, amigos, dirigentes o amantes. Su elegancia cl\u00e1sica y su discreto lujo son toda una declaraci\u00f3n de intenciones y resultan perfectos para dar un toque especial a cualquier ocasi\u00f3n.<\/p>\n<h4 id='have-beauty-easily'><strong>Tener belleza f\u00e1cilmente<\/strong><\/h4>\n<p>\u00a1Diga adi\u00f3s al riego y la poda! Estas suculentas son una aut\u00e9ntica herramienta para perezosos. Son duraderas, requieren poco mantenimiento y mantienen un aspecto fresco y hermoso desde el primer d\u00eda que las recibes. S\u00f3lo tienes que evitar la exposici\u00f3n al sol, al agua y a los roedores para mantenerlas como nuevas.<\/p>\n<h4 id='simple-cleaning-method'><strong>M\u00e9todo de limpieza sencillo<\/strong><\/h4>\n<p>Para limpiarlo, utilice un secador de pelo para eliminar suavemente el polvo, o p\u00e1sele un cepillo suave. No se necesita agua ni detergente.<\/p>\n<p>&nbsp;<\/p>\n<p>&nbsp;<\/p>\n<p>&nbsp;<\/p>\n<blockquote>\n<h4 id='kind-tips'>Consejos amables<\/h4>\n<p>Each piece is a unique work of art, with slightly different colors, shapes and combinations due to handcrafting. Due to personalization, we do not support returns or exchanges. However, you can preview the actual product through the video to make sure you are satisfied before purchasing.<br \/>\nAvoid exposing your succulents to direct sunlight for extended periods, as it may harm their vibrant look. If they accidentally get wet, gently and promptly dry them off to keep them looking their best!<\/p>\n<p>&nbsp;<\/p><\/blockquote>\n<p>&nbsp;<\/p>\n<p>&nbsp;<\/p>","protected":false},"excerpt":{"rendered":"<p>Clay succulents are adaptable and come in a variety of styles to suit a variety of situations, and with a<\/p>","protected":false},"featured_media":6151,"comment_status":"closed","ping_status":"closed","template":"","meta":{"_uf_show_specific_survey":0,"_uf_disable_surveys":false},"product_cat":[230,93],"product_tag":[],"class_list":{"0":"post-6105","1":"product","2":"type-product","3":"status-publish","4":"has-post-thumbnail","6":"product_cat-succulent","7":"product_cat-artificial-succulent","9":"first","10":"instock","11":"taxable","12":"shipping-taxable","13":"purchasable","14":"product-type-simple"},"jetpack_sharing_enabled":true,"_links":{"self":[{"href":"https:\/\/cngarden.com\/es\/wp-json\/wp\/v2\/product\/6105","targetHints":{"allow":["GET"]}}],"collection":[{"href":"https:\/\/cngarden.com\/es\/wp-json\/wp\/v2\/product"}],"about":[{"href":"https:\/\/cngarden.com\/es\/wp-json\/wp\/v2\/types\/product"}],"replies":[{"embeddable":true,"href":"https:\/\/cngarden.com\/es\/wp-json\/wp\/v2\/comments?post=6105"}],"version-history":[{"count":6,"href":"https:\/\/cngarden.com\/es\/wp-json\/wp\/v2\/product\/6105\/revisions"}],"predecessor-version":[{"id":7989,"href":"https:\/\/cngarden.com\/es\/wp-json\/wp\/v2\/product\/6105\/revisions\/7989"}],"wp:featuredmedia":[{"embeddable":true,"href":"https:\/\/cngarden.com\/es\/wp-json\/wp\/v2\/media\/6151"}],"wp:attachment":[{"href":"https:\/\/cngarden.com\/es\/wp-json\/wp\/v2\/media?parent=6105"}],"wp:term":[{"taxonomy":"product_cat","embeddable":true,"href":"https:\/\/cngarden.com\/es\/wp-json\/wp\/v2\/product_cat?post=6105"},{"taxonomy":"product_tag","embeddable":true,"href":"https:\/\/cngarden.com\/es\/wp-json\/wp\/v2\/product_tag?post=6105"}],"curies":[{"name":"wp","href":"https:\/\/api.w.org\/{rel}","templated":true}]}}