{"id":3,"date":"2024-03-29T15:54:40","date_gmt":"2024-03-29T07:54:40","guid":{"rendered":"https:\/\/cngarden.com\/?page_id=3"},"modified":"2026-02-04T21:24:45","modified_gmt":"2026-02-04T13:24:45","slug":"politica-de-privacidad","status":"publish","type":"page","link":"https:\/\/cngarden.com\/es\/politica-de-privacidad\/","title":{"rendered":"Pol\u00edtica de privacidad"},"content":{"rendered":"<div class=\"shopify-policy__title\" style=\"margin-top: -120px;\">\n<h1 id='privacy-policy'  class=\"ai-optimize-6\">Pol\u00edtica de privacidad<\/h1>\n<\/div>\n<div class=\"shopify-policy__body\">\n<div class=\"rte\">\n<p class=\"p1 ai-optimize-7 ai-optimize-introduction\"><span class=\"s1\">Esta Pol\u00edtica de Privacidad describe c\u00f3mo roselent.com (el \u201cSitio\u201d o \u201cnosotros\u201d) recopila, utiliza y divulga su Informaci\u00f3n Personal cuando usted visita o realiza una compra en el Sitio.<\/span><\/p>\n<h2 id='contact'  class=\"p2 ai-optimize-8\"><span class=\"s1\"><b>P\u00f3ngase en contacto con<\/b><\/span><\/h2>\n<p class=\"p1 ai-optimize-9\"><span class=\"s1\">Despu\u00e9s de revisar esta pol\u00edtica, si tiene preguntas adicionales, desea m\u00e1s informaci\u00f3n sobre nuestras pr\u00e1cticas de privacidad o desea presentar una queja, p\u00f3ngase en contacto con nosotros por correo electr\u00f3nico en roselentworkshop@gmail.com.<\/span><\/p>\n<h2 id='collecting-personal-information'  class=\"p2 ai-optimize-10\"><span class=\"s1\"><b>Recopilaci\u00f3n de datos personales<\/b><\/span><\/h2>\n<p class=\"p1 ai-optimize-11\"><span class=\"s1\">Cuando visita el Sitio, recopilamos cierta informaci\u00f3n sobre su dispositivo, su interacci\u00f3n con el Sitio y la informaci\u00f3n necesaria para procesar sus compras. Tambi\u00e9n podemos recopilar informaci\u00f3n adicional si se pone en contacto con nosotros para solicitar asistencia al cliente. En esta Pol\u00edtica de Privacidad, nos referimos a cualquier informaci\u00f3n sobre un individuo identificable (incluyendo la informaci\u00f3n que aparece a continuaci\u00f3n) como \u201cInformaci\u00f3n Personal\u201d. Consulte la lista siguiente para obtener m\u00e1s informaci\u00f3n sobre qu\u00e9 Datos Personales recopilamos y por qu\u00e9.<\/span><\/p>\n<ul class=\"ul1\">\n<li class=\"li3 ai-optimize-12\"><span class=\"s2\">Informaci\u00f3n sobre el dispositivo<\/span>\n<ul class=\"ul2\">\n<li class=\"li3 ai-optimize-13\"><b><\/b><span class=\"s1\"><b>Finalidad de la recogida:<\/b>\u00a0cargar el sitio con precisi\u00f3n para usted y realizar an\u00e1lisis sobre el uso del sitio para optimizar nuestro sitio.<\/span><\/li>\n<li class=\"li3 ai-optimize-14\"><b><\/b><span class=\"s1\"><b>Fuente de recogida:<\/b>\u00a0cuando accede a nuestro Sitio mediante cookies, archivos de registro, balizas web, etiquetas o p\u00edxeles.<\/span><\/li>\n<li class=\"li3 ai-optimize-15\"><b><\/b><span class=\"s1\"><b>Divulgaci\u00f3n con fines comerciales:<\/b>\u00a0compartida con nuestro procesador Shopify.<\/span><\/li>\n<li class=\"li3 ai-optimize-16\"><b><\/b><span class=\"s1\"><b>Informaci\u00f3n personal recopilada:<\/b>\u00a0versi\u00f3n del navegador web, direcci\u00f3n IP, zona horaria, informaci\u00f3n sobre cookies, qu\u00e9 sitios o productos ve, t\u00e9rminos de b\u00fasqueda y c\u00f3mo interact\u00faa con el Sitio.<\/span><\/li>\n<\/ul>\n<\/li>\n<li class=\"li3 ai-optimize-17\"><span class=\"s2\">Informaci\u00f3n para pedidos<\/span>\n<ul class=\"ul2\">\n<li class=\"li3 ai-optimize-18\"><b><\/b><span class=\"s1\"><b>Finalidad de la recogida:<\/b>\u00a0proporcionarle productos o servicios para cumplir nuestro contrato, procesar su informaci\u00f3n de pago, organizar el env\u00edo y proporcionarle facturas y\/o confirmaciones de pedidos, comunicarnos con usted, examinar nuestros pedidos para detectar posibles riesgos o fraudes y, cuando est\u00e9 en consonancia con las preferencias que haya compartido con nosotros, proporcionarle informaci\u00f3n o publicidad relacionada con nuestros productos o servicios.<\/span><\/li>\n<li class=\"li3 ai-optimize-19\"><b><\/b><span class=\"s1\"><b>Fuente de recogida:<\/b>\u00a0recogidos de usted.<\/span><\/li>\n<li class=\"li3 ai-optimize-20\"><b><\/b><span class=\"s1\"><b>Divulgaci\u00f3n con fines comerciales:<\/b>\u00a0compartida con nuestro procesador Shopify.<\/span><\/li>\n<li class=\"li3 ai-optimize-21\"><b><\/b><span class=\"s1\"><b>Informaci\u00f3n personal recopilada:<\/b>\u00a0nombre, direcci\u00f3n de facturaci\u00f3n, direcci\u00f3n de env\u00edo, informaci\u00f3n de pago (incluidos los n\u00fameros de las tarjetas de cr\u00e9dito), direcci\u00f3n de correo electr\u00f3nico y n\u00famero de tel\u00e9fono.<\/span><\/li>\n<\/ul>\n<\/li>\n<li class=\"li3 ai-optimize-22\"><span class=\"s2\">Informaci\u00f3n de atenci\u00f3n al cliente<\/span>\n<ul class=\"ul2\">\n<li class=\"li3 ai-optimize-23\"><b><\/b><span class=\"s1\"><b>Finalidad de la recogida:<\/b>\u00a0para prestar asistencia al cliente.<\/span><\/li>\n<li class=\"li3 ai-optimize-24\"><b><\/b><span class=\"s1\"><b>Fuente de recogida:<\/b>\u00a0recogidos de usted.<\/span><\/li>\n<li class=\"li3 ai-optimize-25\"><b><\/b><span class=\"s1\"><b>Divulgaci\u00f3n con fines comerciales:\u00a0<\/b>ninguna.<\/span><\/li>\n<li class=\"li3 ai-optimize-26\"><b><\/b><span class=\"s1\"><b>Informaci\u00f3n personal recopilada:\u00a0<\/b>nombre, direcci\u00f3n de correo electr\u00f3nico y otros datos personales que comparta con nosotros.<\/span><\/li>\n<\/ul>\n<\/li>\n<\/ul>\n<h2 id='sharing-personal-information'  class=\"p2 ai-optimize-27\"><span class=\"s1\"><b>Compartir informaci\u00f3n personal<\/b><\/span><\/h2>\n<p class=\"p1 ai-optimize-28\"><span class=\"s1\">Compartimos sus Datos Personales con proveedores de servicios para que nos ayuden a prestar nuestros servicios y cumplir nuestros contratos con usted, tal como se ha descrito anteriormente. Por ejemplo:<\/span><\/p>\n<ul class=\"ul1\">\n<li class=\"li3 ai-optimize-29\"><span class=\"s1\">Podemos compartir sus Datos Personales para cumplir las leyes y reglamentos aplicables, para responder a una citaci\u00f3n, orden de registro u otras solicitudes legales de informaci\u00f3n que recibamos, o para proteger de otro modo nuestros derechos.<\/span><\/li>\n<\/ul>\n<h2 id='using-personal-information'  class=\"p2 ai-optimize-30\"><span class=\"s1\"><b>Utilizaci\u00f3n de datos personales<\/b><\/span><\/h2>\n<p class=\"p1 ai-optimize-31\"><span class=\"s1\">Utilizamos su informaci\u00f3n personal para prestarle nuestros servicios, que incluyen: ofrecer productos a la venta, procesar pagos, enviar y cumplir su pedido, y mantenerle al d\u00eda sobre nuevos productos, servicios y ofertas.<\/span><\/p>\n<h3 id='lawful-basis'  class=\"p6 ai-optimize-32\"><span class=\"s1\"><b>Base jur\u00eddica<\/b><\/span><\/h3>\n<p class=\"p1 ai-optimize-33\"><span class=\"s1\">De conformidad con el Reglamento General de Protecci\u00f3n de Datos (\u201cRGPD\u201d), si usted es residente del Espacio Econ\u00f3mico Europeo (\u201cEEE\u201d), procesamos su informaci\u00f3n personal bajo las siguientes bases legales:<\/span><\/p>\n<ul class=\"ul1\">\n<li class=\"li3 ai-optimize-34\"><span class=\"s1\">Su consentimiento;<\/span><\/li>\n<li class=\"li3 ai-optimize-35\"><span class=\"s1\">La ejecuci\u00f3n del contrato entre usted y el Sitio;<\/span><\/li>\n<li class=\"li3 ai-optimize-36\"><span class=\"s1\">Cumplimiento de nuestras obligaciones legales;<\/span><\/li>\n<li class=\"li3 ai-optimize-37\"><span class=\"s1\">Para proteger sus intereses vitales;<\/span><\/li>\n<li class=\"li3 ai-optimize-38\"><span class=\"s1\">Para realizar una tarea de inter\u00e9s p\u00fablico;<\/span><\/li>\n<li class=\"li3 ai-optimize-39\"><span class=\"s1\">Por nuestros intereses leg\u00edtimos, que no prevalecen sobre sus derechos y libertades fundamentales.<\/span><\/li>\n<\/ul>\n<h3 id='retention'  class=\"p6 ai-optimize-40\"><span class=\"s1\"><b>Retenci\u00f3n<\/b><\/span><\/h3>\n<p class=\"p1 ai-optimize-41\"><span class=\"s1\">Cuando realice un pedido a trav\u00e9s del Sitio, conservaremos sus Datos Personales para nuestros registros a menos y hasta que nos solicite que borremos esta informaci\u00f3n. Si desea m\u00e1s informaci\u00f3n sobre su derecho de cancelaci\u00f3n, consulte la secci\u00f3n \u2018Sus derechos\u2019 m\u00e1s abajo.<\/span><\/p>\n<h3 id='automatic-decision-making'  class=\"p6 ai-optimize-42\"><span class=\"s1\"><b>Toma de decisiones autom\u00e1tica<\/b><\/span><\/h3>\n<p class=\"p1 ai-optimize-43\"><span class=\"s1\">Si usted reside en el EEE, tiene derecho a oponerse al tratamiento basado \u00fanicamente en la toma de decisiones automatizada (que incluye la elaboraci\u00f3n de perfiles), cuando dicha toma de decisiones tenga efectos jur\u00eddicos sobre usted o le afecte significativamente de otro modo.<\/span><\/p>\n<p class=\"p1 ai-optimize-44\"><span class=\"s1\">Nosotros no<i>\u00a0<\/i>tomar decisiones totalmente automatizadas que tengan un efecto legal o significativo utilizando los datos de los clientes.<\/span><\/p>\n<p class=\"p1 ai-optimize-45\"><span class=\"s1\">Nuestro procesador Shopify utiliza la toma de decisiones automatizada limitada para prevenir el fraude que no tiene un efecto legal o de otro modo significativo sobre usted.<\/span><\/p>\n<p class=\"p1 ai-optimize-46\"><span class=\"s1\">Entre los servicios que incluyen elementos de toma de decisiones automatizada se incluyen:<\/span><\/p>\n<ul class=\"ul1\">\n<li class=\"li3 ai-optimize-47\"><span class=\"s1\">Lista negra temporal de direcciones IP asociadas a transacciones fallidas repetidas. Esta lista negra persiste durante un peque\u00f1o n\u00famero de horas.<\/span><\/li>\n<li class=\"li3 ai-optimize-48\"><span class=\"s1\">Lista negra temporal de tarjetas de cr\u00e9dito asociadas a direcciones IP incluidas en la lista negra. Esta lista negra persiste durante un n\u00famero reducido de d\u00edas.<\/span><\/li>\n<\/ul>\n<h2 id='your-rights'  class=\"p2 ai-optimize-49\"><span class=\"s1\"><b>Sus derechos<\/b><\/span><\/h2>\n<h3 id='gdpr'  class=\"p6 ai-optimize-50\"><span class=\"s1\"><b>GDPR<\/b><\/span><\/h3>\n<p class=\"p1 ai-optimize-51\"><span class=\"s1\">Si usted reside en el EEE, tiene derecho a acceder a la Informaci\u00f3n Personal que tenemos sobre usted, a portarla a un nuevo servicio y a solicitar que su Informaci\u00f3n Personal sea corregida, actualizada o borrada. Si desea ejercer estos derechos, p\u00f3ngase en contacto con nosotros a trav\u00e9s de la informaci\u00f3n de contacto arriba indicada.\u00a0<\/span><\/p>\n<p class=\"p1 ai-optimize-52\"><span class=\"s1\">Su Informaci\u00f3n Personal ser\u00e1 procesada inicialmente en China y luego ser\u00e1 transferida fuera de China. Para obtener m\u00e1s informaci\u00f3n sobre c\u00f3mo las transferencias de datos cumplen con el GDPR, consulte el Whitepaper GDPR de Shopify: <a href=\"https:\/\/help.shopify.com\/en\/manual\/your-account\/privacy\/GDPR\" rel=\"nofollow noopener\" target=\"_blank\"><span class=\"s3\">https:\/\/help.shopify.com\/en\/manual\/your-account\/privacy\/GDPR<\/span><\/a>.<\/span><\/p>\n<h3 id='ccpa'  class=\"p6 ai-optimize-53\"><span class=\"s1\"><b>CCPA<\/b><\/span><\/h3>\n<p class=\"p1 ai-optimize-54\"><span class=\"s1\">Si reside en California, tiene derecho a acceder a la Informaci\u00f3n Personal que tenemos sobre usted (tambi\u00e9n conocido como \u2018Derecho a Saber\u2019), a portarla a un nuevo servicio y a solicitar que su Informaci\u00f3n Personal sea corregida, actualizada o borrada. Si desea ejercer estos derechos, p\u00f3ngase en contacto con nosotros a trav\u00e9s de la informaci\u00f3n de contacto arriba indicada.\u00a0<\/span><\/p>\n<p class=\"p1 ai-optimize-55\"><span class=\"s1\">Si desea designar a un agente autorizado para que presente estas solicitudes en su nombre, p\u00f3ngase en contacto con nosotros a trav\u00e9s de los datos de contacto indicados anteriormente.<\/span><\/p>\n<h2 id='cookies'  class=\"p2 ai-optimize-56\"><span class=\"s1\"><b>Cookies<\/b><\/span><\/h2>\n<p class=\"p1 ai-optimize-57\"><span class=\"s1\">Una cookie es una peque\u00f1a cantidad de informaci\u00f3n que se descarga en su ordenador o dispositivo cuando visita nuestro Sitio. Utilizamos diferentes tipos de cookies: funcionales, de rendimiento, publicitarias y de redes sociales o de contenido. Las cookies mejoran su experiencia de navegaci\u00f3n al permitir que el sitio web recuerde sus acciones y preferencias (como el inicio de sesi\u00f3n y la selecci\u00f3n de regi\u00f3n). Esto significa que no tendr\u00e1 que volver a introducir esta informaci\u00f3n cada vez que regrese al sitio o navegue de una p\u00e1gina a otra. Las cookies tambi\u00e9n proporcionan informaci\u00f3n sobre el uso que hacen los usuarios del sitio web, por ejemplo, si es la primera vez que lo visitan o si lo hacen con frecuencia.<\/span><\/p>\n<p class=\"p1 ai-optimize-58\"><span class=\"s1\">Puede controlar y gestionar las cookies de varias maneras. Tenga en cuenta que eliminar o bloquear las cookies puede afectar negativamente a su experiencia de usuario y es posible que algunas partes de nuestro sitio web dejen de ser totalmente accesibles.<\/span><\/p>\n<p class=\"p1 ai-optimize-59\"><span class=\"s1\">La mayor\u00eda de los navegadores aceptan autom\u00e1ticamente las cookies, pero usted puede elegir si las acepta o no a trav\u00e9s de los controles de su navegador, que a menudo se encuentran en el men\u00fa \u201cHerramientas\u201d o \u201cPreferencias\u201d de su navegador. Si desea m\u00e1s informaci\u00f3n sobre c\u00f3mo modificar la configuraci\u00f3n de su navegador o c\u00f3mo bloquear, gestionar o filtrar las cookies, puede encontrarla en el archivo de ayuda de su navegador o a trav\u00e9s de sitios como:\u00a0<a href=\"https:\/\/www.allaboutcookies.org\/\" rel=\"nofollow noopener\" target=\"_blank\"><span class=\"s3\">www.allaboutcookies.org<\/span><\/a>.<\/span><\/p>\n<h3 id='do-not-track'  class=\"p6 ai-optimize-60\"><span class=\"s1\"><b>No rastrear<\/b><\/span><\/h3>\n<p class=\"p1 ai-optimize-61\"><span class=\"s1\">Tenga en cuenta que, debido a que no existe un entendimiento uniforme en la industria sobre c\u00f3mo responder a las se\u00f1ales \u201cDo Not Track\u201d, no alteramos nuestras pr\u00e1cticas de recopilaci\u00f3n y uso de datos cuando detectamos una se\u00f1al de este tipo de su navegador.<\/span><\/p>\n<h2 id='changes'  class=\"p2 ai-optimize-62\"><span class=\"s1\"><b>Cambios<\/b><\/span><\/h2>\n<p class=\"p1 ai-optimize-63\"><span class=\"s1\">Podemos actualizar esta Pol\u00edtica de Privacidad de vez en cuando para reflejar, por ejemplo, cambios en nuestras pr\u00e1cticas o por otras razones operativas, legales o reglamentarias.<\/span><\/p>\n<h2 id='complaints'  class=\"p2 ai-optimize-64\"><span class=\"s1\"><b>Quejas<\/b><\/span><\/h2>\n<p class=\"p1 ai-optimize-65\"><span class=\"s1\">Como se ha indicado anteriormente, si desea presentar una queja, p\u00f3ngase en contacto con nosotros por correo electr\u00f3nico utilizando los datos que figuran en el apartado \u201cContacto\u201d.<\/span><\/p>\n<p class=\"p1 ai-optimize-66\"><span class=\"s1\">Si no est\u00e1 satisfecho con nuestra respuesta a su reclamaci\u00f3n, tiene derecho a presentarla ante la autoridad de protecci\u00f3n de datos competente.<\/span><\/p>\n<p class=\"p1\">\n<\/div>\n<\/div>","protected":false},"excerpt":{"rendered":"<p>Privacy policy This Privacy Policy describes how roselent.com (the \u201cSite\u201d or \u201cwe\u201d) collects, uses, and discloses your Personal Information when<\/p>","protected":false},"author":1,"featured_media":0,"parent":0,"menu_order":0,"comment_status":"closed","ping_status":"open","template":"","meta":{"_uf_show_specific_survey":0,"_uf_disable_surveys":false,"footnotes":""},"class_list":["post-3","page","type-page","status-publish","hentry"],"jetpack_sharing_enabled":true,"_links":{"self":[{"href":"https:\/\/cngarden.com\/es\/wp-json\/wp\/v2\/pages\/3","targetHints":{"allow":["GET"]}}],"collection":[{"href":"https:\/\/cngarden.com\/es\/wp-json\/wp\/v2\/pages"}],"about":[{"href":"https:\/\/cngarden.com\/es\/wp-json\/wp\/v2\/types\/page"}],"author":[{"embeddable":true,"href":"https:\/\/cngarden.com\/es\/wp-json\/wp\/v2\/users\/1"}],"replies":[{"embeddable":true,"href":"https:\/\/cngarden.com\/es\/wp-json\/wp\/v2\/comments?post=3"}],"version-history":[{"count":5,"href":"https:\/\/cngarden.com\/es\/wp-json\/wp\/v2\/pages\/3\/revisions"}],"predecessor-version":[{"id":16032,"href":"https:\/\/cngarden.com\/es\/wp-json\/wp\/v2\/pages\/3\/revisions\/16032"}],"wp:attachment":[{"href":"https:\/\/cngarden.com\/es\/wp-json\/wp\/v2\/media?parent=3"}],"curies":[{"name":"wp","href":"https:\/\/api.w.org\/{rel}","templated":true}]}}