{"id":6104,"date":"2024-09-29T19:10:38","date_gmt":"2024-09-29T11:10:38","guid":{"rendered":"https:\/\/cngarden.com\/?post_type=product&#038;p=6104"},"modified":"2026-04-17T16:06:05","modified_gmt":"2026-04-17T08:06:05","slug":"echeveria-moon-stone","status":"publish","type":"product","link":"https:\/\/cngarden.com\/de\/produkt\/echeveria-moon-stone\/","title":{"rendered":"Echeveria \u2018Moon Stone\u2019 |Tonsukkulenten"},"content":{"rendered":"<p>Clay succulents are adaptable and come in a variety of styles to suit a variety of situations, and with a little creativity, they can easily add color to your space.<\/p>\n<p>Brighten up your living space with this durable piece of greenery. It is not only more vivid than dried flowers and more durable than fresh flowers, but also full of the perfect fusion of art and nature, making life easier and better because of it.<\/p>\n<p>&nbsp;<\/p>\n<h2 id='scenes-where-clay-succulents-are-suitable'  style=\"text-align: center\">ORTE, AN DENEN LEHM-SUKKULENTEN GEEIGNET SIND<\/h2>\n<p>&nbsp;<\/p>\n<p>Sukkulenten aus Ton sind \u00e4u\u00dferst vielseitig und sch\u00f6n und eignen sich f\u00fcr eine Vielzahl von Anl\u00e4ssen. Hier sind einige Beispiele f\u00fcr die Platzierung von Sukkulenten, die Ihrem Raum eine nat\u00fcrliche Note verleihen:<\/p>\n<h3 id='home-decoration'>Heimdekoration<\/h3>\n<p>1. Living room:<br \/>\n&#8211; Place it on a coffee table, bookshelf or TV cabinet to add a natural touch to your home environment.<br \/>\n&#8211; Use larger succulents as centerpieces to create a modern and fresh vibe.<\/p>\n<p>2. Bedroom:<br \/>\n&#8211; Place small succulents on your bedside table or windowsill to bring a touch of peace and relaxation.<br \/>\n&#8211; Choose easy-care varieties to create a warm, stress-free environment.<\/p>\n<p>3. Kitchen:<br \/>\n&#8211; Place succulents on countertops or shelves to add a touch of greenery to the kitchen.<br \/>\n&#8211; You can create a mini botanical garden near the sink or on the windowsill, which is very unique.<\/p>\n<h3 id='work-and-study-space'>Arbeits- und Studienraum<\/h3>\n<p>&#8211; Place a succulent on your desk to create a fresh, productive environment.<br \/>\n&#8211; Use compact combinations to save space and enhance decorative effects.<\/p>\n<h3 id='special-occasions-and-events'>Besondere Anl\u00e4sse und Veranstaltungen<\/h3>\n<p>&#8211; Weddings: Succulents are often used as table centerpieces, wedding favors or bouquet elements.<br \/>\n&#8211; Parties: Use succulents as table decorations to add an elegant and eco-friendly touch to your event.<\/p>\n<h3 id='public-and-professional-spaces'>\u00d6ffentliche und berufliche R\u00e4ume<\/h3>\n<p>1. Office reception area:<br \/>\n&#8211; Succulent plant ornaments can add life and warmth to the reception area.<br \/>\n&#8211; Create a comfortable environment for customers and visitors.<\/p>\n<p>2. Retail stores and cafes:<br \/>\n&#8211; Can be used to decorate counters, table tops or window displays.<br \/>\n&#8211; Their low maintenance nature is ideal for busy premises.<\/p>\n<p>3. Hotel:<br \/>\n&#8211; Succulents are an ideal decoration for the hall, guest room or outdoor terrace.<\/p>\n<h3 id='gift-and-commemorative-displays'>Geschenk- und Gedenkdisplays<\/h3>\n<p>- Sukkulenten k\u00f6nnen auf Gedenktafeln oder als liebevolle Geschenke zu Geburtstagen, Jahrestagen, Einweihungen und anderen Anl\u00e4ssen aufgestellt werden.<\/p>\n<p>&nbsp;<\/p>\n<p>&nbsp;<\/p>\n<h4 id='light-up-interior-spaces-with-handmade-art'><strong>Beleuchten Sie Innenr\u00e4ume mit handgemachter Kunst<\/strong><\/h4>\n<p>Entdecken Sie unsere neue Serie von Tonsukkulenten, die Kreativit\u00e4t und Handwerkskunst perfekt miteinander verbinden. Sorgf\u00e4ltig entworfen f\u00fcr Menschen, die die Sch\u00f6nheit der Natur lieben, aber den Aufwand der Pflege vermeiden wollen, ist jedes St\u00fcck handgefertigt und voller einzigartigem Charme und Pers\u00f6nlichkeit. Ganz gleich, ob Sie Ihrem Zuhause einen Hauch von Gr\u00fcn verleihen oder ein aufmerksames Geschenk suchen, diese Kollektion wird Sie sicher beeindrucken.<\/p>\n<h4 id='craftsmanship'><strong>Handwerkliches K\u00f6nnen<\/strong><\/h4>\n<p>Jedes Sukkulentenornament wird aus umweltfreundlichem Harz geschnitzt und mit \u00d6lfarben gef\u00e4rbt, um einen hellen und dauerhaften Farbeffekt zu erzielen. Im Gegensatz zu Blumen, die verwelken, oder Trockenblumen, die verblassen, sind diese k\u00fcnstlichen Sukkulenten langlebig und zeigen immer ihre lebensechte nat\u00fcrliche Sch\u00f6nheit, was sie zu einer idealen Erg\u00e4nzung f\u00fcr jeden Raum macht.<\/p>\n<h4 id='a-thoughtful-choice-for-gift-giving'><strong>Eine durchdachte Wahl zum Verschenken<\/strong><\/h4>\n<p>Sie suchen nach einem einzigartigen Geschenk? Diese kunstvollen Sukkulenten-Ornamente sind das perfekte Geschenk f\u00fcr Lehrer, Freunde, F\u00fchrungskr\u00e4fte oder Liebhaber. Ihre klassische Eleganz und ihr unaufdringlicher Luxus setzen ein Zeichen und sind perfekt, um jedem Anlass eine besondere Note zu verleihen.<\/p>\n<h4 id='have-beauty-easily'><strong>Sch\u00f6nheit leicht haben<\/strong><\/h4>\n<p>Schluss mit dem Gie\u00dfen und Beschneiden! Diese Sukkulenten sind ein echtes Werkzeug f\u00fcr faule M\u00e4nner. Sie sind langlebig, pflegeleicht und sehen vom ersten Tag an frisch und sch\u00f6n aus. Vermeiden Sie einfach Sonne, Wasser und Nagetiere, damit sie immer wie neu aussehen.<\/p>\n<h4 id='simple-cleaning-method'><strong>Einfaches Reinigungsverfahren<\/strong><\/h4>\n<p>Verwenden Sie zur Reinigung einen Haartrockner, um den Staub sanft wegzublasen, oder wischen Sie ihn vorsichtig mit einer weichen B\u00fcrste ab. Es wird kein Wasser oder Reinigungsmittel ben\u00f6tigt.<\/p>\n<p>&nbsp;<\/p>\n<p>&nbsp;<\/p>\n<p>&nbsp;<\/p>\n<blockquote>\n<h4 id='kind-tips'>Freundliche Tipps<\/h4>\n<p>Each piece is a unique work of art, with slightly different colors, shapes and combinations due to handcrafting. Due to personalization, we do not support returns or exchanges. However, you can preview the actual product through the video to make sure you are satisfied before purchasing.<br \/>\nAvoid exposing your succulents to direct sunlight for extended periods, as it may harm their vibrant look. If they accidentally get wet, gently and promptly dry them off to keep them looking their best!<\/p>\n<p>&nbsp;<\/p><\/blockquote>\n<p>&nbsp;<\/p>\n<p>&nbsp;<\/p>","protected":false},"excerpt":{"rendered":"<p>Clay succulents are adaptable and come in a variety of styles to suit a variety of situations, and with a<\/p>","protected":false},"featured_media":6161,"comment_status":"closed","ping_status":"closed","template":"","meta":{"_uf_show_specific_survey":0,"_uf_disable_surveys":false},"product_cat":[230,93],"product_tag":[],"class_list":{"0":"post-6104","1":"product","2":"type-product","3":"status-publish","4":"has-post-thumbnail","6":"product_cat-succulent","7":"product_cat-artificial-succulent","9":"first","10":"instock","11":"taxable","12":"shipping-taxable","13":"purchasable","14":"product-type-simple"},"jetpack_sharing_enabled":true,"_links":{"self":[{"href":"https:\/\/cngarden.com\/de\/wp-json\/wp\/v2\/product\/6104","targetHints":{"allow":["GET"]}}],"collection":[{"href":"https:\/\/cngarden.com\/de\/wp-json\/wp\/v2\/product"}],"about":[{"href":"https:\/\/cngarden.com\/de\/wp-json\/wp\/v2\/types\/product"}],"replies":[{"embeddable":true,"href":"https:\/\/cngarden.com\/de\/wp-json\/wp\/v2\/comments?post=6104"}],"version-history":[{"count":5,"href":"https:\/\/cngarden.com\/de\/wp-json\/wp\/v2\/product\/6104\/revisions"}],"predecessor-version":[{"id":7999,"href":"https:\/\/cngarden.com\/de\/wp-json\/wp\/v2\/product\/6104\/revisions\/7999"}],"wp:featuredmedia":[{"embeddable":true,"href":"https:\/\/cngarden.com\/de\/wp-json\/wp\/v2\/media\/6161"}],"wp:attachment":[{"href":"https:\/\/cngarden.com\/de\/wp-json\/wp\/v2\/media?parent=6104"}],"wp:term":[{"taxonomy":"product_cat","embeddable":true,"href":"https:\/\/cngarden.com\/de\/wp-json\/wp\/v2\/product_cat?post=6104"},{"taxonomy":"product_tag","embeddable":true,"href":"https:\/\/cngarden.com\/de\/wp-json\/wp\/v2\/product_tag?post=6104"}],"curies":[{"name":"wp","href":"https:\/\/api.w.org\/{rel}","templated":true}]}}