{"id":6250,"date":"2024-11-27T23:38:00","date_gmt":"2024-11-27T15:38:00","guid":{"rendered":"https:\/\/cngarden.com\/?page_id=6250"},"modified":"2026-04-17T16:28:26","modified_gmt":"2026-04-17T08:28:26","slug":"wholesale","status":"publish","type":"page","link":"https:\/\/cngarden.com\/de\/wholesale\/","title":{"rendered":"wholesale"},"content":{"rendered":"<div data-elementor-type=\"wp-post\" data-elementor-id=\"6250\" class=\"elementor elementor-6250\" data-elementor-post-type=\"page\">\n\t\t\t\t<div class=\"elementor-element elementor-element-8916eaa e-grid e-con-boxed wd-section-disabled e-con e-parent\" data-id=\"8916eaa\" data-element_type=\"container\" data-e-type=\"container\">\n\t\t\t\t\t<div class=\"e-con-inner\">\n\t\t<div class=\"elementor-element elementor-element-28938f6 e-con-full e-flex wd-section-disabled e-con e-child\" data-id=\"28938f6\" data-element_type=\"container\" data-e-type=\"container\">\n\t\t\t\t<div class=\"elementor-element elementor-element-8b21640 elementor-hidden-mobile elementor-widget elementor-widget-image\" data-id=\"8b21640\" data-element_type=\"widget\" data-e-type=\"widget\" data-widget_type=\"image.default\">\n\t\t\t\t<div class=\"elementor-widget-container\">\n\t\t\t\t\t\t\t\t\t\t\t\t\t\t\t<img fetchpriority=\"high\" decoding=\"async\" width=\"1300\" height=\"790\" src=\"https:\/\/i0.wp.com\/cngarden.com\/wp-content\/uploads\/2021\/09\/logo.png?fit=1300%2C790&amp;ssl=1\" class=\"attachment-large size-large wp-image-16018 wvs-archive-product-image\" alt=\"flowers\" srcset=\"https:\/\/i0.wp.com\/cngarden.com\/wp-content\/uploads\/2021\/09\/logo.png?w=1475&amp;ssl=1 1475w, https:\/\/i0.wp.com\/cngarden.com\/wp-content\/uploads\/2021\/09\/logo.png?resize=400%2C243&amp;ssl=1 400w, https:\/\/i0.wp.com\/cngarden.com\/wp-content\/uploads\/2021\/09\/logo.png?resize=1300%2C790&amp;ssl=1 1300w, https:\/\/i0.wp.com\/cngarden.com\/wp-content\/uploads\/2021\/09\/logo.png?resize=768%2C467&amp;ssl=1 768w, https:\/\/i0.wp.com\/cngarden.com\/wp-content\/uploads\/2021\/09\/logo.png?resize=18%2C12&amp;ssl=1 18w, https:\/\/i0.wp.com\/cngarden.com\/wp-content\/uploads\/2021\/09\/logo.png?resize=860%2C522&amp;ssl=1 860w, https:\/\/i0.wp.com\/cngarden.com\/wp-content\/uploads\/2021\/09\/logo.png?resize=430%2C261&amp;ssl=1 430w, https:\/\/i0.wp.com\/cngarden.com\/wp-content\/uploads\/2021\/09\/logo.png?resize=700%2C425&amp;ssl=1 700w, https:\/\/i0.wp.com\/cngarden.com\/wp-content\/uploads\/2021\/09\/logo.png?resize=150%2C91&amp;ssl=1 150w, https:\/\/i0.wp.com\/cngarden.com\/wp-content\/uploads\/2021\/09\/logo.png?w=300&amp;ssl=1 300w, https:\/\/i0.wp.com\/cngarden.com\/wp-content\/uploads\/2021\/09\/logo.png?w=260&amp;ssl=1 260w\" sizes=\"(max-width: 1000px) 100vw, 1000px\" \/>\t\t\t\t\t\t\t\t\t\t\t\t\t\t\t<\/div>\n\t\t\t\t<\/div>\n\t\t\t\t<div class=\"elementor-element elementor-element-3cb743b elementor-widget elementor-widget-wd_text_block\" data-id=\"3cb743b\" data-element_type=\"widget\" data-e-type=\"widget\" data-widget_type=\"wd_text_block.default\">\n\t\t\t\t<div class=\"elementor-widget-container\">\n\t\t\t\t\t\t\t<div class=\"wd-text-block reset-last-child text-left\">\n\t\t\t\n\t\t\t<h2 id='recruit-wholesalers'  class=\"aboutcn\" style=\"text-align: center;\">Recruit wholesalers<\/h2><p class=\"aboutcn\">Before you want to become a wholesaler, we suggest that you place a small order so that you can see the quality of our plants and feel our service. Then, you can request our wholesale discount by contacting our customer service or sending us an email.<\/p>\n\t\t\t\t\t<\/div>\n\t\t\t\t\t\t<\/div>\n\t\t\t\t<\/div>\n\t\t\t\t<div class=\"elementor-element elementor-element-fdce678 elementor-widget elementor-widget-wd_text_block\" data-id=\"fdce678\" data-element_type=\"widget\" data-e-type=\"widget\" data-widget_type=\"wd_text_block.default\">\n\t\t\t\t<div class=\"elementor-widget-container\">\n\t\t\t\t\t\t\t<div class=\"wd-text-block reset-last-child text-center\">\n\t\t\t\n\t\t\t<div style=\"margin: 0px -15px; padding: 0px; width: 100px; border: 0px; vertical-align: baseline; font-variant-numeric: inherit; font-variant-east-asian: inherit; font-variant-alternates: inherit; font-variant-position: inherit; font-stretch: inherit; line-height: inherit; font-family: Arial, Helvetica, sans-serif; font-optical-sizing: inherit; font-kerning: inherit; font-feature-settings: inherit; font-variation-settings: inherit; font-size: 14px; color: #777777;\"><div style=\"margin: 0px; padding: 0px; border: 0px; vertical-align: baseline; font-style: inherit; font-variant: inherit; font-weight: inherit; font-stretch: inherit; line-height: inherit; font-family: inherit; font-optical-sizing: inherit; font-kerning: inherit; font-feature-settings: inherit; font-variation-settings: inherit; width: 287.667px; position: relative; min-height: 1px; float: left;\"><div style=\"margin: 0px; padding: 0px 15px; border: 0px; vertical-align: baseline; font-style: inherit; font-variant: inherit; font-weight: inherit; font-stretch: inherit; line-height: inherit; font-family: inherit; font-optical-sizing: inherit; font-kerning: inherit; font-feature-settings: inherit; font-variation-settings: inherit; width: 287.667px;\"><div style=\"margin: 0px; padding: 0px; border: 0px; vertical-align: baseline; font-style: inherit; font-variant: inherit; font-weight: inherit; font-stretch: inherit; line-height: inherit; font-family: inherit; font-optical-sizing: inherit; font-kerning: inherit; font-feature-settings: inherit; font-variation-settings: inherit;\"><div style=\"margin: 0px 0px 30px; padding: 0px; border: 0px; vertical-align: baseline; font-style: inherit; font-variant: inherit; font-weight: inherit; font-stretch: inherit; line-height: inherit; font-family: inherit; font-optical-sizing: inherit; font-kerning: inherit; font-feature-settings: inherit; font-variation-settings: inherit; --text-align: left; text-align: var(--text-align); --content-align: flex-start; --margin-bottom: 10px; --el-title-color: rgba(0,0,0,0.105); --content-width: var(--wd-max-width);\"><h3 id='countact-us'  style=\"clear: both;\">COUNTACT US<\/h3><p style=\"padding: 0px 0px 10px; border: 0px; vertical-align: baseline; font-style: inherit; font-variant: inherit; font-weight: inherit; font-stretch: inherit; line-height: inherit; font-family: inherit; font-optical-sizing: inherit; font-kerning: inherit; font-feature-settings: inherit; font-variation-settings: inherit; position: relative; margin: 0px 0px var(--margin-bottom) 0px;\"><strong>PHONE\/WA<\/strong><\/p><p style=\"padding: 0px 0px 10px; border: 0px; vertical-align: baseline; font-style: inherit; font-variant: inherit; font-weight: inherit; font-stretch: inherit; line-height: inherit; font-family: inherit; font-optical-sizing: inherit; font-kerning: inherit; font-feature-settings: inherit; font-variation-settings: inherit; position: relative; margin: 0px 0px var(--margin-bottom) 0px;\"><a style=\"margin: 0px; padding: 0px; border: 0px; vertical-align: baseline; font-style: inherit; font-variant: inherit; font-weight: inherit; font-stretch: inherit; line-height: inherit; font-family: inherit; font-optical-sizing: inherit; font-kerning: inherit; font-feature-settings: inherit; font-variation-settings: inherit; touch-action: manipulation; color: var(--wd-link-color); transition-duration: 0.25s;\" href=\"https:\/\/wa.me\/8618663973922\" rel=\"nofollow noopener\" target=\"_blank\">+86 15806599868<\/a><\/p><p><strong style=\"font-family: var(--wd-title-font); font-style: var(--wd-title-font-style); font-variant-ligatures: inherit; font-variant-caps: inherit; text-transform: var(--wd-title-transform); text-align: var(--text-align);\">EMAIL<\/strong><\/p><p><span style=\"font-family: inherit; font-style: inherit; font-variant-ligatures: inherit; font-variant-caps: inherit; font-weight: inherit; text-align: var(--text-align);\">succulentcn@gmail.com<\/span><\/p><\/div><\/div><\/div><\/div><\/div>\n\t\t\t\t\t<\/div>\n\t\t\t\t\t\t<\/div>\n\t\t\t\t<\/div>\n\t\t\t\t<\/div>\n\t\t<div class=\"elementor-element elementor-element-4c3d0a1 e-con-full e-flex wd-section-disabled e-con e-child\" data-id=\"4c3d0a1\" data-element_type=\"container\" data-e-type=\"container\">\n\t\t\t\t<div class=\"elementor-element elementor-element-251bb99 elementor-widget__width-initial elementor-widget-mobile__width-inherit elementor-widget elementor-widget-wpforms\" data-id=\"251bb99\" data-element_type=\"widget\" data-e-type=\"widget\" data-widget_type=\"wpforms.default\">\n\t\t\t\t<div class=\"elementor-widget-container\">\n\t\t\t\t\t<style id=\"wpforms-css-vars-root\">\n\t\t\t\t:root {\n\t\t\t\t\t--wpforms-field-border-radius: 3px;\n--wpforms-field-border-style: solid;\n--wpforms-field-border-size: 1px;\n--wpforms-field-background-color: #ffffff;\n--wpforms-field-border-color: rgba( 0, 0, 0, 0.25 );\n--wpforms-field-border-color-spare: rgba( 0, 0, 0, 0.25 );\n--wpforms-field-text-color: rgba( 0, 0, 0, 0.7 );\n--wpforms-field-menu-color: #ffffff;\n--wpforms-label-color: rgba( 0, 0, 0, 0.85 );\n--wpforms-label-sublabel-color: rgba( 0, 0, 0, 0.55 );\n--wpforms-label-error-color: #d63637;\n--wpforms-button-border-radius: 3px;\n--wpforms-button-border-style: none;\n--wpforms-button-border-size: 1px;\n--wpforms-button-background-color: #066aab;\n--wpforms-button-border-color: #066aab;\n--wpforms-button-text-color: #ffffff;\n--wpforms-page-break-color: #066aab;\n--wpforms-background-image: none;\n--wpforms-background-position: center center;\n--wpforms-background-repeat: no-repeat;\n--wpforms-background-size: cover;\n--wpforms-background-width: 100px;\n--wpforms-background-height: 100px;\n--wpforms-background-color: rgba( 0, 0, 0, 0 );\n--wpforms-background-url: none;\n--wpforms-container-padding: 0px;\n--wpforms-container-border-style: none;\n--wpforms-container-border-width: 1px;\n--wpforms-container-border-color: #000000;\n--wpforms-container-border-radius: 3px;\n--wpforms-field-size-input-height: 43px;\n--wpforms-field-size-input-spacing: 15px;\n--wpforms-field-size-font-size: 16px;\n--wpforms-field-size-line-height: 19px;\n--wpforms-field-size-padding-h: 14px;\n--wpforms-field-size-checkbox-size: 16px;\n--wpforms-field-size-sublabel-spacing: 5px;\n--wpforms-field-size-icon-size: 1;\n--wpforms-label-size-font-size: 16px;\n--wpforms-label-size-line-height: 19px;\n--wpforms-label-size-sublabel-font-size: 14px;\n--wpforms-label-size-sublabel-line-height: 17px;\n--wpforms-button-size-font-size: 17px;\n--wpforms-button-size-height: 41px;\n--wpforms-button-size-padding-h: 15px;\n--wpforms-button-size-margin-top: 10px;\n--wpforms-container-shadow-size-box-shadow: none;\n\n\t\t\t\t}\n\t\t\t<\/style><style id=\"wpforms-css-vars-elementor-widget-251bb99\">\n\t\t\t\t.elementor-widget-wpforms.elementor-element-251bb99 {\n\t\t\t\t\t--wpforms-button-background-color: #AB0606;\n--wpforms-field-size-input-height: 43px;\n--wpforms-field-size-input-spacing: 15px;\n--wpforms-field-size-font-size: 16px;\n--wpforms-field-size-line-height: 19px;\n--wpforms-field-size-padding-h: 14px;\n--wpforms-field-size-checkbox-size: 16px;\n--wpforms-field-size-sublabel-spacing: 5px;\n--wpforms-field-size-icon-size: 1;\n--wpforms-label-size-font-size: 16px;\n--wpforms-label-size-line-height: 19px;\n--wpforms-label-size-sublabel-font-size: 14px;\n--wpforms-label-size-sublabel-line-height: 17px;\n--wpforms-button-size-font-size: 17px;\n--wpforms-button-size-height: 41px;\n--wpforms-button-size-padding-h: 15px;\n--wpforms-button-size-margin-top: 10px;\n\n\t\t\t\t}\n\t\t\t<\/style><div class=\"wpforms-container wpforms-container-full wpforms-render-modern\" id=\"wpforms-1337\"><form id=\"wpforms-form-1337\" class=\"wpforms-validate wpforms-form wpforms-ajax-form\" data-formid=\"1337\" method=\"post\" enctype=\"multipart\/form-data\" action=\"\/de\/wp-json\/wp\/v2\/pages\/6250\" data-token=\"f10d59332cba4f541fe73ac4d5e0f16d\" data-token-time=\"1777733532\" data-trp-original-action=\"\/de\/wp-json\/wp\/v2\/pages\/6250\"><noscript class=\"wpforms-error-noscript\">Bitte aktiviere JavaScript in deinem Browser, um dieses Formular fertigzustellen.<\/noscript><div class=\"wpforms-hidden\" id=\"wpforms-error-noscript\">Bitte aktiviere JavaScript in deinem Browser, um dieses Formular fertigzustellen.<\/div><div class=\"wpforms-field-container\"><div id=\"wpforms-1337-field_1-container\" class=\"wpforms-field wpforms-field-name\" data-field-id=\"1\"><label class=\"wpforms-field-label\" for=\"wpforms-1337-field_1\">Name <span class=\"wpforms-required-label\" aria-hidden=\"true\">*<\/span><\/label><input type=\"text\" id=\"wpforms-1337-field_1\" class=\"wpforms-field-large wpforms-field-required\" name=\"wpforms[fields][1]\" aria-errormessage=\"wpforms-1337-field_1-error\" required><\/div><div id=\"wpforms-1337-field_8-container\" class=\"wpforms-field wpforms-field-email\" data-field-id=\"8\"><label class=\"wpforms-field-label\" for=\"wpforms-1337-field_8\">E-Mail <span class=\"wpforms-required-label\" aria-hidden=\"true\">*<\/span><\/label><input type=\"email\" id=\"wpforms-1337-field_8\" class=\"wpforms-field-large wpforms-field-required\" name=\"wpforms[fields][8]\" spellcheck=\"false\" aria-errormessage=\"wpforms-1337-field_8-error\" required><\/div><div id=\"wpforms-1337-field_6-container\" class=\"wpforms-field wpforms-field-select wpforms-field-select-style-classic\" data-field-id=\"6\"><label class=\"wpforms-field-label\" for=\"wpforms-1337-field_6\">Sind Sie ein pers\u00f6nlicher K\u00e4ufer oder ein Gro\u00dfh\u00e4ndler? <span class=\"wpforms-required-label\" aria-hidden=\"true\">*<\/span><\/label><select id=\"wpforms-1337-field_6\" class=\"wpforms-field-large wpforms-field-required\" name=\"wpforms[fields][6]\" required=\"required\"><option value=\"personal buyer\" >pers\u00f6nlicher Eink\u00e4ufer<\/option><option value=\"wholesaler\" >Gro\u00dfh\u00e4ndler<\/option><\/select><\/div><div id=\"wpforms-1337-field_7-container\" class=\"wpforms-field wpforms-field-textarea\" data-field-id=\"7\"><label class=\"wpforms-field-label\" for=\"wpforms-1337-field_7\">Whatsapp oder Telefon  <span class=\"wpforms-required-label\" aria-hidden=\"true\">*<\/span><\/label><textarea id=\"wpforms-1337-field_7\" class=\"wpforms-field-medium wpforms-field-required\" name=\"wpforms[fields][7]\" aria-errormessage=\"wpforms-1337-field_7-error\" required><\/textarea><\/div><div id=\"wpforms-1337-field_9-container\" class=\"wpforms-field wpforms-field-textarea\" data-field-id=\"9\"><label class=\"wpforms-field-label\" for=\"wpforms-1337-field_9\">Ihre Nachricht (optional)<\/label><textarea id=\"wpforms-1337-field_9\" class=\"wpforms-field-medium\" name=\"wpforms[fields][9]\" aria-errormessage=\"wpforms-1337-field_9-error\" ><\/textarea><\/div><\/div><!-- .wpforms-field-container --><div class=\"wpforms-submit-container\" ><input type=\"hidden\" name=\"wpforms[id]\" value=\"1337\"><input type=\"hidden\" name=\"page_title\" value=\"\"><input type=\"hidden\" name=\"page_url\" value=\"https:\/\/cngarden.com\/de\/wp-json\/wp\/v2\/pages\/6250\"><button type=\"submit\" name=\"wpforms[submit]\" id=\"wpforms-submit-1337\" class=\"wpforms-submit\" data-alt-text=\"Sending...\" data-submit-text=\"Submit\" aria-live=\"assertive\" value=\"wpforms-submit\">Einreichen<\/button><img decoding=\"async\" src=\"https:\/\/cngarden.com\/wp-content\/plugins\/wpforms-lite\/assets\/images\/submit-spin.svg\" class=\"wpforms-submit-spinner\" style=\"display: none;\" width=\"26\" height=\"26\" alt=\"Wird geladen\"><\/div><input type=\"hidden\" name=\"trp-form-language\" value=\"de\"\/><\/form><\/div>  <!-- .wpforms-container -->\t\t\t\t<\/div>\n\t\t\t\t<\/div>\n\t\t\t\t<\/div>\n\t\t\t\t\t<\/div>\n\t\t\t\t<\/div>\n\t\t\t\t<\/div>","protected":false},"excerpt":{"rendered":"<p>Recruit wholesalers Before you want to become a wholesaler, we suggest that you place a small order so that you<\/p>","protected":false},"author":1,"featured_media":0,"parent":0,"menu_order":0,"comment_status":"closed","ping_status":"closed","template":"","meta":{"_uf_show_specific_survey":0,"_uf_disable_surveys":false,"footnotes":""},"class_list":["post-6250","page","type-page","status-publish","hentry"],"jetpack_sharing_enabled":true,"_links":{"self":[{"href":"https:\/\/cngarden.com\/de\/wp-json\/wp\/v2\/pages\/6250","targetHints":{"allow":["GET"]}}],"collection":[{"href":"https:\/\/cngarden.com\/de\/wp-json\/wp\/v2\/pages"}],"about":[{"href":"https:\/\/cngarden.com\/de\/wp-json\/wp\/v2\/types\/page"}],"author":[{"embeddable":true,"href":"https:\/\/cngarden.com\/de\/wp-json\/wp\/v2\/users\/1"}],"replies":[{"embeddable":true,"href":"https:\/\/cngarden.com\/de\/wp-json\/wp\/v2\/comments?post=6250"}],"version-history":[{"count":60,"href":"https:\/\/cngarden.com\/de\/wp-json\/wp\/v2\/pages\/6250\/revisions"}],"predecessor-version":[{"id":19779,"href":"https:\/\/cngarden.com\/de\/wp-json\/wp\/v2\/pages\/6250\/revisions\/19779"}],"wp:attachment":[{"href":"https:\/\/cngarden.com\/de\/wp-json\/wp\/v2\/media?parent=6250"}],"curies":[{"name":"wp","href":"https:\/\/api.w.org\/{rel}","templated":true}]}}