{"id":3,"date":"2024-03-29T15:54:40","date_gmt":"2024-03-29T07:54:40","guid":{"rendered":"https:\/\/cngarden.com\/?page_id=3"},"modified":"2026-02-04T21:24:45","modified_gmt":"2026-02-04T13:24:45","slug":"datenschutzbestimmungen","status":"publish","type":"page","link":"https:\/\/cngarden.com\/de\/datenschutzbestimmungen\/","title":{"rendered":"Datenschutzbestimmungen"},"content":{"rendered":"<div class=\"shopify-policy__title\" style=\"margin-top: -120px;\">\n<h1 id='privacy-policy'  class=\"ai-optimize-6\">Datenschutzbestimmungen<\/h1>\n<\/div>\n<div class=\"shopify-policy__body\">\n<div class=\"rte\">\n<p class=\"p1 ai-optimize-7 ai-optimize-introduction\"><span class=\"s1\">Diese Datenschutzrichtlinie beschreibt, wie roselent.com (die \u201cSite\u201d oder \u201cwir\u201d) Ihre pers\u00f6nlichen Daten sammelt, verwendet und offenlegt, wenn Sie die Site besuchen oder einen Kauf auf der Site t\u00e4tigen.<\/span><\/p>\n<h2 id='contact'  class=\"p2 ai-optimize-8\"><span class=\"s1\"><b>Kontakt<\/b><\/span><\/h2>\n<p class=\"p1 ai-optimize-9\"><span class=\"s1\">Wenn Sie nach Durchsicht dieser Richtlinie weitere Fragen haben, mehr Informationen \u00fcber unsere Datenschutzpraktiken w\u00fcnschen oder eine Beschwerde einreichen m\u00f6chten, wenden Sie sich bitte per E-Mail an roselentworkshop@gmail.com.<\/span><\/p>\n<h2 id='collecting-personal-information'  class=\"p2 ai-optimize-10\"><span class=\"s1\"><b>Sammeln von pers\u00f6nlichen Informationen<\/b><\/span><\/h2>\n<p class=\"p1 ai-optimize-11\"><span class=\"s1\">Wenn Sie die Website besuchen, erfassen wir bestimmte Informationen \u00fcber Ihr Ger\u00e4t, Ihre Interaktion mit der Website und Informationen, die zur Bearbeitung Ihrer Eink\u00e4ufe erforderlich sind. Wir k\u00f6nnen auch zus\u00e4tzliche Informationen sammeln, wenn Sie uns f\u00fcr den Kundensupport kontaktieren. In dieser Datenschutzrichtlinie bezeichnen wir alle Informationen \u00fcber eine identifizierbare Person (einschlie\u00dflich der unten aufgef\u00fchrten Informationen) als \u201cpers\u00f6nliche Daten\u201d. In der folgenden Liste finden Sie weitere Informationen dar\u00fcber, welche pers\u00f6nlichen Daten wir erfassen und warum.<\/span><\/p>\n<ul class=\"ul1\">\n<li class=\"li3 ai-optimize-12\"><span class=\"s2\">Informationen zum Ger\u00e4t<\/span>\n<ul class=\"ul2\">\n<li class=\"li3 ai-optimize-13\"><b><\/b><span class=\"s1\"><b>Zweck der Sammlung:<\/b>\u00a0um die Website genau f\u00fcr Sie zu laden und um Analysen \u00fcber die Nutzung der Website durchzuf\u00fchren, um unsere Website zu optimieren.<\/span><\/li>\n<li class=\"li3 ai-optimize-14\"><b><\/b><span class=\"s1\"><b>Quelle der Sammlung:<\/b>\u00a0wenn Sie auf unsere Website zugreifen und dabei Cookies, Protokolldateien, Web-Beacons, Tags oder Pixel verwenden.<\/span><\/li>\n<li class=\"li3 ai-optimize-15\"><b><\/b><span class=\"s1\"><b>Offenlegung f\u00fcr einen gesch\u00e4ftlichen Zweck:<\/b>\u00a0mit unserem Prozessor Shopify geteilt.<\/span><\/li>\n<li class=\"li3 ai-optimize-16\"><b><\/b><span class=\"s1\"><b>Erfasste pers\u00f6nliche Informationen:<\/b>\u00a0Version des Webbrowsers, IP-Adresse, Zeitzone, Cookie-Informationen, welche Websites oder Produkte Sie sich ansehen, Suchbegriffe und wie Sie mit der Website interagieren.<\/span><\/li>\n<\/ul>\n<\/li>\n<li class=\"li3 ai-optimize-17\"><span class=\"s2\">Informationen bestellen<\/span>\n<ul class=\"ul2\">\n<li class=\"li3 ai-optimize-18\"><b><\/b><span class=\"s1\"><b>Zweck der Sammlung:<\/b>\u00a0um Ihnen Produkte oder Dienstleistungen zu liefern, um unseren Vertrag zu erf\u00fcllen, um Ihre Zahlungsinformationen zu verarbeiten, den Versand zu organisieren und Ihnen Rechnungen und\/oder Auftragsbest\u00e4tigungen zukommen zu lassen, um mit Ihnen zu kommunizieren, um unsere Auftr\u00e4ge auf potenzielle Risiken oder Betrug zu pr\u00fcfen und um Ihnen, wenn es den von Ihnen mitgeteilten Pr\u00e4ferenzen entspricht, Informationen oder Werbung zu unseren Produkten oder Dienstleistungen zukommen zu lassen.<\/span><\/li>\n<li class=\"li3 ai-optimize-19\"><b><\/b><span class=\"s1\"><b>Quelle der Sammlung:<\/b>\u00a0von Ihnen gesammelt.<\/span><\/li>\n<li class=\"li3 ai-optimize-20\"><b><\/b><span class=\"s1\"><b>Offenlegung f\u00fcr einen gesch\u00e4ftlichen Zweck:<\/b>\u00a0mit unserem Prozessor Shopify geteilt.<\/span><\/li>\n<li class=\"li3 ai-optimize-21\"><b><\/b><span class=\"s1\"><b>Erfasste pers\u00f6nliche Informationen:<\/b>\u00a0Name, Rechnungsadresse, Lieferadresse, Zahlungsinformationen (einschlie\u00dflich Kreditkartennummern), E-Mail-Adresse und Telefonnummer.<\/span><\/li>\n<\/ul>\n<\/li>\n<li class=\"li3 ai-optimize-22\"><span class=\"s2\">Informationen zur Kundenbetreuung<\/span>\n<ul class=\"ul2\">\n<li class=\"li3 ai-optimize-23\"><b><\/b><span class=\"s1\"><b>Zweck der Sammlung:<\/b>\u00a0um den Kunden zu unterst\u00fctzen.<\/span><\/li>\n<li class=\"li3 ai-optimize-24\"><b><\/b><span class=\"s1\"><b>Quelle der Sammlung:<\/b>\u00a0von Ihnen gesammelt.<\/span><\/li>\n<li class=\"li3 ai-optimize-25\"><b><\/b><span class=\"s1\"><b>Offenlegung f\u00fcr einen gesch\u00e4ftlichen Zweck:\u00a0<\/b>keine.<\/span><\/li>\n<li class=\"li3 ai-optimize-26\"><b><\/b><span class=\"s1\"><b>Erfasste pers\u00f6nliche Informationen:\u00a0<\/b>Name, E-Mail-Adresse und andere pers\u00f6nliche Daten, die Sie uns mitteilen.<\/span><\/li>\n<\/ul>\n<\/li>\n<\/ul>\n<h2 id='sharing-personal-information'  class=\"p2 ai-optimize-27\"><span class=\"s1\"><b>Weitergabe pers\u00f6nlicher Informationen<\/b><\/span><\/h2>\n<p class=\"p1 ai-optimize-28\"><span class=\"s1\">Wir geben Ihre pers\u00f6nlichen Daten an Dienstleister weiter, die uns dabei helfen, unsere Dienstleistungen zu erbringen und unsere Vertr\u00e4ge mit Ihnen zu erf\u00fcllen, wie oben beschrieben. Zum Beispiel:<\/span><\/p>\n<ul class=\"ul1\">\n<li class=\"li3 ai-optimize-29\"><span class=\"s1\">Wir k\u00f6nnen Ihre pers\u00f6nlichen Daten weitergeben, um geltende Gesetze und Vorschriften einzuhalten, um auf Vorladungen, Durchsuchungsbefehle oder andere rechtm\u00e4\u00dfige Anfragen nach Informationen, die wir erhalten, zu reagieren oder um unsere Rechte anderweitig zu sch\u00fctzen.<\/span><\/li>\n<\/ul>\n<h2 id='using-personal-information'  class=\"p2 ai-optimize-30\"><span class=\"s1\"><b>Verwendung pers\u00f6nlicher Informationen<\/b><\/span><\/h2>\n<p class=\"p1 ai-optimize-31\"><span class=\"s1\">Wir verwenden Ihre pers\u00f6nlichen Daten, um Ihnen unsere Dienstleistungen anbieten zu k\u00f6nnen. Dazu geh\u00f6ren: das Anbieten von Produkten zum Verkauf, die Bearbeitung von Zahlungen, der Versand und die Ausf\u00fchrung Ihrer Bestellung sowie das Informieren \u00fcber neue Produkte, Dienstleistungen und Angebote.<\/span><\/p>\n<h3 id='lawful-basis'  class=\"p6 ai-optimize-32\"><span class=\"s1\"><b>Rechtm\u00e4\u00dfige Grundlage<\/b><\/span><\/h3>\n<p class=\"p1 ai-optimize-33\"><span class=\"s1\">Wenn Sie Ihren Wohnsitz im Europ\u00e4ischen Wirtschaftsraum (EWR) haben, verarbeiten wir Ihre personenbezogenen Daten gem\u00e4\u00df der Allgemeinen Datenschutzverordnung (GDPR\u201c) auf der Grundlage der folgenden Rechtsgrundlagen:<\/span><\/p>\n<ul class=\"ul1\">\n<li class=\"li3 ai-optimize-34\"><span class=\"s1\">Ihre Zustimmung;<\/span><\/li>\n<li class=\"li3 ai-optimize-35\"><span class=\"s1\">Die Erf\u00fcllung des Vertrags zwischen Ihnen und der Website;<\/span><\/li>\n<li class=\"li3 ai-optimize-36\"><span class=\"s1\">Einhaltung unserer rechtlichen Verpflichtungen;<\/span><\/li>\n<li class=\"li3 ai-optimize-37\"><span class=\"s1\">Zum Schutz Ihrer lebenswichtigen Interessen;<\/span><\/li>\n<li class=\"li3 ai-optimize-38\"><span class=\"s1\">Zur Erf\u00fcllung einer Aufgabe, die im \u00f6ffentlichen Interesse liegt;<\/span><\/li>\n<li class=\"li3 ai-optimize-39\"><span class=\"s1\">F\u00fcr unsere berechtigten Interessen, die Ihre Grundrechte und -freiheiten nicht \u00fcberwiegen.<\/span><\/li>\n<\/ul>\n<h3 id='retention'  class=\"p6 ai-optimize-40\"><span class=\"s1\"><b>Vorratsspeicherung<\/b><\/span><\/h3>\n<p class=\"p1 ai-optimize-41\"><span class=\"s1\">Wenn Sie eine Bestellung \u00fcber die Website aufgeben, werden wir Ihre pers\u00f6nlichen Daten f\u00fcr unsere Unterlagen aufbewahren, bis Sie uns bitten, diese Daten zu l\u00f6schen. Weitere Informationen zu Ihrem Recht auf L\u00f6schung finden Sie im Abschnitt \u2018Ihre Rechte\u2019 weiter unten.<\/span><\/p>\n<h3 id='automatic-decision-making'  class=\"p6 ai-optimize-42\"><span class=\"s1\"><b>Automatische Entscheidungsfindung<\/b><\/span><\/h3>\n<p class=\"p1 ai-optimize-43\"><span class=\"s1\">Wenn Sie Ihren Wohnsitz im EWR haben, haben Sie das Recht, gegen eine ausschlie\u00dflich auf einer automatisierten Entscheidungsfindung (einschlie\u00dflich Profiling) beruhende Verarbeitung Widerspruch einzulegen, wenn diese Entscheidungsfindung rechtliche Auswirkungen auf Sie hat oder Sie auf andere Weise erheblich beeintr\u00e4chtigt.<\/span><\/p>\n<p class=\"p1 ai-optimize-44\"><span class=\"s1\">Wir haben keine<i>\u00a0<\/i>eine vollautomatische Entscheidungsfindung unter Verwendung von Kundendaten vornehmen, die rechtliche oder anderweitig erhebliche Auswirkungen hat.<\/span><\/p>\n<p class=\"p1 ai-optimize-45\"><span class=\"s1\">Unser Auftragsverarbeiter Shopify verwendet eine begrenzte automatisierte Entscheidungsfindung, um Betrug zu verhindern, der keine rechtlichen oder anderweitig erheblichen Auswirkungen auf Sie hat.<\/span><\/p>\n<p class=\"p1 ai-optimize-46\"><span class=\"s1\">Zu den Diensten, die Elemente der automatisierten Entscheidungsfindung enthalten, geh\u00f6ren:<\/span><\/p>\n<ul class=\"ul1\">\n<li class=\"li3 ai-optimize-47\"><span class=\"s1\">Vor\u00fcbergehende schwarze Liste von IP-Adressen, die mit wiederholt fehlgeschlagenen Transaktionen in Verbindung gebracht werden. Diese schwarze Liste bleibt f\u00fcr eine geringe Anzahl von Stunden bestehen.<\/span><\/li>\n<li class=\"li3 ai-optimize-48\"><span class=\"s1\">Vor\u00fcbergehende schwarze Liste von Kreditkarten, die mit auf der schwarzen Liste stehenden IP-Adressen verbunden sind. Diese schwarze Liste bleibt f\u00fcr eine geringe Anzahl von Tagen bestehen.<\/span><\/li>\n<\/ul>\n<h2 id='your-rights'  class=\"p2 ai-optimize-49\"><span class=\"s1\"><b>Ihre Rechte<\/b><\/span><\/h2>\n<h3 id='gdpr'  class=\"p6 ai-optimize-50\"><span class=\"s1\"><b>GDPR<\/b><\/span><\/h3>\n<p class=\"p1 ai-optimize-51\"><span class=\"s1\">Wenn Sie Ihren Wohnsitz im EWR haben, haben Sie das Recht, auf die pers\u00f6nlichen Daten, die wir \u00fcber Sie gespeichert haben, zuzugreifen, sie auf einen neuen Dienst zu \u00fcbertragen und zu verlangen, dass Ihre pers\u00f6nlichen Daten korrigiert, aktualisiert oder gel\u00f6scht werden. Wenn Sie von diesen Rechten Gebrauch machen m\u00f6chten, setzen Sie sich bitte \u00fcber die oben genannten Kontaktinformationen mit uns in Verbindung.\u00a0<\/span><\/p>\n<p class=\"p1 ai-optimize-52\"><span class=\"s1\">Ihre pers\u00f6nlichen Daten werden zun\u00e4chst in China verarbeitet und dann au\u00dferhalb von China \u00fcbertragen. Weitere Informationen dar\u00fcber, wie Daten\u00fcbertragungen mit der GDPR \u00fcbereinstimmen, finden Sie im GDPR-Whitepaper von Shopify: <a href=\"https:\/\/help.shopify.com\/en\/manual\/your-account\/privacy\/GDPR\" rel=\"nofollow noopener\" target=\"_blank\"><span class=\"s3\">https:\/\/help.shopify.com\/en\/manual\/your-account\/privacy\/GDPR<\/span><\/a>.<\/span><\/p>\n<h3 id='ccpa'  class=\"p6 ai-optimize-53\"><span class=\"s1\"><b>CCPA<\/b><\/span><\/h3>\n<p class=\"p1 ai-optimize-54\"><span class=\"s1\">Wenn Sie Ihren Wohnsitz in Kalifornien haben, haben Sie das Recht, auf die pers\u00f6nlichen Daten, die wir \u00fcber Sie gespeichert haben, zuzugreifen (auch bekannt als \u2018Recht auf Auskunft\u2019), sie auf einen neuen Dienst zu \u00fcbertragen und zu verlangen, dass Ihre pers\u00f6nlichen Daten korrigiert, aktualisiert oder gel\u00f6scht werden. Wenn Sie von diesen Rechten Gebrauch machen m\u00f6chten, setzen Sie sich bitte \u00fcber die oben genannten Kontaktinformationen mit uns in Verbindung.\u00a0<\/span><\/p>\n<p class=\"p1 ai-optimize-55\"><span class=\"s1\">Wenn Sie einen Bevollm\u00e4chtigten benennen m\u00f6chten, der diese Anfragen in Ihrem Namen stellt, kontaktieren Sie uns bitte \u00fcber die oben genannten Kontaktdaten.<\/span><\/p>\n<h2 id='cookies'  class=\"p2 ai-optimize-56\"><span class=\"s1\"><b>Cookies<\/b><\/span><\/h2>\n<p class=\"p1 ai-optimize-57\"><span class=\"s1\">Ein Cookie ist eine kleine Informationsmenge, die auf Ihren Computer oder Ihr Ger\u00e4t heruntergeladen wird, wenn Sie unsere Website besuchen. Wir verwenden eine Reihe verschiedener Cookies, darunter Funktions-, Leistungs- und Werbe-Cookies sowie Cookies f\u00fcr soziale Medien oder Inhalte. Cookies verbessern Ihr Surferlebnis, indem sie es der Website erm\u00f6glichen, sich an Ihre Aktionen und Pr\u00e4ferenzen zu erinnern (z. B. Anmeldung und Auswahl der Region). Das bedeutet, dass Sie diese Informationen nicht jedes Mal neu eingeben m\u00fcssen, wenn Sie auf die Website zur\u00fcckkehren oder von einer Seite zur anderen wechseln. Cookies geben auch Aufschluss dar\u00fcber, wie die Besucher die Website nutzen, z. B. ob sie sie zum ersten Mal besuchen oder ob sie sie h\u00e4ufig besuchen.<\/span><\/p>\n<p class=\"p1 ai-optimize-58\"><span class=\"s1\">Sie k\u00f6nnen Cookies auf verschiedene Weise kontrollieren und verwalten. Bitte bedenken Sie, dass das Entfernen oder Blockieren von Cookies Ihr Nutzererlebnis beeintr\u00e4chtigen kann und Teile unserer Website m\u00f6glicherweise nicht mehr vollst\u00e4ndig zug\u00e4nglich sind.<\/span><\/p>\n<p class=\"p1 ai-optimize-59\"><span class=\"s1\">Die meisten Browser akzeptieren Cookies automatisch, aber Sie k\u00f6nnen \u00fcber die Einstellungen Ihres Browsers, die Sie h\u00e4ufig im Men\u00fc \u201cExtras\u201d oder \u201cEinstellungen\u201d Ihres Browsers finden, entscheiden, ob Sie Cookies akzeptieren oder nicht. Weitere Informationen dar\u00fcber, wie Sie Ihre Browsereinstellungen \u00e4ndern oder Cookies blockieren, verwalten oder filtern k\u00f6nnen, finden Sie in der Hilfedatei Ihres Browsers oder auf Websites wie z. B.:\u00a0<a href=\"https:\/\/www.allaboutcookies.org\/\" rel=\"nofollow noopener\" target=\"_blank\"><span class=\"s3\">www.allaboutcookies.org<\/span><\/a>.<\/span><\/p>\n<h3 id='do-not-track'  class=\"p6 ai-optimize-60\"><span class=\"s1\"><b>Nicht verfolgen<\/b><\/span><\/h3>\n<p class=\"p1 ai-optimize-61\"><span class=\"s1\">Bitte beachten Sie, dass es in der Branche kein einheitliches Verst\u00e4ndnis dar\u00fcber gibt, wie auf \u201cDo Not Track\u201d-Signale zu reagieren ist, und dass wir unsere Datenerfassungs- und Nutzungspraktiken nicht \u00e4ndern, wenn wir ein solches Signal von Ihrem Browser erkennen.<\/span><\/p>\n<h2 id='changes'  class=\"p2 ai-optimize-62\"><span class=\"s1\"><b>\u00c4nderungen<\/b><\/span><\/h2>\n<p class=\"p1 ai-optimize-63\"><span class=\"s1\">Wir k\u00f6nnen diese Datenschutzrichtlinie von Zeit zu Zeit aktualisieren, um beispielsweise \u00c4nderungen unserer Praktiken oder andere betriebliche, rechtliche oder regulatorische Gr\u00fcnde zu ber\u00fccksichtigen.<\/span><\/p>\n<h2 id='complaints'  class=\"p2 ai-optimize-64\"><span class=\"s1\"><b>Beanstandungen<\/b><\/span><\/h2>\n<p class=\"p1 ai-optimize-65\"><span class=\"s1\">Wenn Sie eine Beschwerde einreichen m\u00f6chten, wenden Sie sich bitte per E-Mail an uns, indem Sie die unter \u201cKontakt\u201d angegebenen Daten verwenden.<\/span><\/p>\n<p class=\"p1 ai-optimize-66\"><span class=\"s1\">Wenn Sie mit unserer Antwort auf Ihre Beschwerde nicht zufrieden sind, haben Sie das Recht, Ihre Beschwerde bei der zust\u00e4ndigen Datenschutzbeh\u00f6rde einzureichen.<\/span><\/p>\n<p class=\"p1\">\n<\/div>\n<\/div>","protected":false},"excerpt":{"rendered":"<p>Privacy policy This Privacy Policy describes how roselent.com (the \u201cSite\u201d or \u201cwe\u201d) collects, uses, and discloses your Personal Information when<\/p>","protected":false},"author":1,"featured_media":0,"parent":0,"menu_order":0,"comment_status":"closed","ping_status":"open","template":"","meta":{"_uf_show_specific_survey":0,"_uf_disable_surveys":false,"footnotes":""},"class_list":["post-3","page","type-page","status-publish","hentry"],"jetpack_sharing_enabled":true,"_links":{"self":[{"href":"https:\/\/cngarden.com\/de\/wp-json\/wp\/v2\/pages\/3","targetHints":{"allow":["GET"]}}],"collection":[{"href":"https:\/\/cngarden.com\/de\/wp-json\/wp\/v2\/pages"}],"about":[{"href":"https:\/\/cngarden.com\/de\/wp-json\/wp\/v2\/types\/page"}],"author":[{"embeddable":true,"href":"https:\/\/cngarden.com\/de\/wp-json\/wp\/v2\/users\/1"}],"replies":[{"embeddable":true,"href":"https:\/\/cngarden.com\/de\/wp-json\/wp\/v2\/comments?post=3"}],"version-history":[{"count":5,"href":"https:\/\/cngarden.com\/de\/wp-json\/wp\/v2\/pages\/3\/revisions"}],"predecessor-version":[{"id":16032,"href":"https:\/\/cngarden.com\/de\/wp-json\/wp\/v2\/pages\/3\/revisions\/16032"}],"wp:attachment":[{"href":"https:\/\/cngarden.com\/de\/wp-json\/wp\/v2\/media?parent=3"}],"curies":[{"name":"wp","href":"https:\/\/api.w.org\/{rel}","templated":true}]}}